{"id":465,"date":"2019-10-14T08:34:33","date_gmt":"2019-10-14T08:34:33","guid":{"rendered":"https:\/\/www.residenzaducato.it\/?page_id=465"},"modified":"2024-01-26T15:44:02","modified_gmt":"2024-01-26T15:44:02","slug":"residenza-ducato-venedig","status":"publish","type":"page","link":"https:\/\/www.residenzaducato.it\/de\/","title":{"rendered":"Residenza Ducato Venedig"},"content":{"rendered":"<p>DieResidenza Ducato ist eine neu erstellt Wohnanlage im <strong>Stadtteil San Marco<\/strong>, nur wenige Schritte vom <strong>Teatro La Fenice<\/strong>, der <strong>Rialtobr\u00fccke<\/strong>, der <strong>Piazza San Marco<\/strong> und vielen anderen Orten von historischem, monumentalem und touristischem Interesse entfernt.<\/p>\n<p>Die exklusiven Apartments der Residenza Ducato erwarten Sie zu <strong>einem unvergesslichen Urlaub in v\u00f6lliger Freiheit.<\/strong><\/p>\n<p>Sie sind verf\u00fcgen \u00fcber Aufzug, Klimaanlage, WLAN, BOSE-Bluetooth-Lautsprecher, 42-Zoll-Flachbildfernseher im Wohn- und Schlafzimmer, Safe, voll ausgestattete Kochecke mit Induktionsherd, Backofen, Geschirrsp\u00fcler, Waschmaschine, W\u00e4schest\u00e4nder, B\u00fcgeleisen und B\u00fcgelbrett, sowie eine Minibar mit einer gro\u00dfen Auswahl an Snacks und Getr\u00e4nken.<\/p>\n<p>In den Badezimmern mit gro\u00dfen Glasduschkabinen und <strong>Erlebnisduschen von AQUADEMY<\/strong> finden Sie ein G\u00e4ste-K\u00f6rperpflegeset ORTIGIA, Handt\u00fccher, Badem\u00e4ntel und Frottierpantoffeln.<\/p>\n<p>Das mehrsprachiges Personal begr\u00fc\u00dft Sie am Concierge-Schalter und es gibt einen sch\u00f6nen Innenhof mit St\u00fchlen und Tischen.<\/p>\n","protected":false},"excerpt":{"rendered":"<p>DieResidenza Ducato ist eine neu erstellt Wohnanlage im Stadtteil San Marco, nur wenige Schritte vom Teatro La Fenice, der Rialtobr\u00fccke, der Piazza San Marco und vielen anderen Orten von historischem, monumentalem und touristischem Interesse entfernt. Die exklusiven Apartments der Residenza Ducato erwarten Sie zu einem unvergesslichen Urlaub in v\u00f6lliger Freiheit. Sie sind verf\u00fcgen \u00fcber Aufzug, [&hellip;]<\/p>\n","protected":false},"author":4,"featured_media":0,"parent":0,"menu_order":10,"comment_status":"closed","ping_status":"closed","template":"","meta":{"footnotes":""},"class_list":["post-465","page","type-page","status-publish","hentry"],"yoast_head":"<!-- This site is optimized with the Yoast SEO plugin v26.9 - https:\/\/yoast.com\/product\/yoast-seo-wordpress\/ -->\n<title>Residenza Ducato Venedig - Residenza Ducato Venezia<\/title>\n<meta name=\"robots\" content=\"index, follow, max-snippet:-1, max-image-preview:large, max-video-preview:-1\" \/>\n<link rel=\"canonical\" href=\"https:\/\/www.residenzaducato.it\/de\/\" \/>\n<meta property=\"og:locale\" content=\"de_DE\" \/>\n<meta property=\"og:type\" content=\"article\" \/>\n<meta property=\"og:title\" content=\"Residenza Ducato Venedig - Residenza Ducato Venezia\" \/>\n<meta property=\"og:description\" content=\"DieResidenza Ducato ist eine neu erstellt Wohnanlage im Stadtteil San Marco, nur wenige Schritte vom Teatro La Fenice, der Rialtobr\u00fccke, der Piazza San Marco und vielen anderen Orten von historischem, monumentalem und touristischem Interesse entfernt. Die exklusiven Apartments der Residenza Ducato erwarten Sie zu einem unvergesslichen Urlaub in v\u00f6lliger Freiheit. Sie sind verf\u00fcgen \u00fcber Aufzug, [&hellip;]\" \/>\n<meta property=\"og:url\" content=\"https:\/\/www.residenzaducato.it\/de\/\" \/>\n<meta property=\"og:site_name\" content=\"Residenza Ducato Venezia\" \/>\n<meta property=\"article:modified_time\" content=\"2024-01-26T15:44:02+00:00\" \/>\n<meta name=\"twitter:card\" content=\"summary_large_image\" \/>\n<meta name=\"twitter:label1\" content=\"Gesch\u00e4tzte Lesezeit\" \/>\n\t<meta name=\"twitter:data1\" content=\"1 Minute\" \/>\n<script type=\"application\/ld+json\" class=\"yoast-schema-graph\">{\"@context\":\"https:\/\/schema.org\",\"@graph\":[{\"@type\":\"WebPage\",\"@id\":\"https:\/\/www.residenzaducato.it\/de\/\",\"url\":\"https:\/\/www.residenzaducato.it\/de\/\",\"name\":\"Residenza Ducato Venedig - Residenza Ducato Venezia\",\"isPartOf\":{\"@id\":\"https:\/\/www.residenzaducato.it\/de\/#website\"},\"datePublished\":\"2019-10-14T08:34:33+00:00\",\"dateModified\":\"2024-01-26T15:44:02+00:00\",\"breadcrumb\":{\"@id\":\"https:\/\/www.residenzaducato.it\/de\/#breadcrumb\"},\"inLanguage\":\"de-DE\",\"potentialAction\":[{\"@type\":\"ReadAction\",\"target\":[\"https:\/\/www.residenzaducato.it\/de\/\"]}]},{\"@type\":\"BreadcrumbList\",\"@id\":\"https:\/\/www.residenzaducato.it\/de\/#breadcrumb\",\"itemListElement\":[{\"@type\":\"ListItem\",\"position\":1,\"name\":\"Home\",\"item\":\"https:\/\/www.residenzaducato.it\/de\/\"},{\"@type\":\"ListItem\",\"position\":2,\"name\":\"Residenza Ducato Venedig\"}]},{\"@type\":\"WebSite\",\"@id\":\"https:\/\/www.residenzaducato.it\/de\/#website\",\"url\":\"https:\/\/www.residenzaducato.it\/de\/\",\"name\":\"Residenza Ducato Venezia\",\"description\":\"Just another ms.decms.eu site\",\"potentialAction\":[{\"@type\":\"SearchAction\",\"target\":{\"@type\":\"EntryPoint\",\"urlTemplate\":\"https:\/\/www.residenzaducato.it\/de\/?s={search_term_string}\"},\"query-input\":{\"@type\":\"PropertyValueSpecification\",\"valueRequired\":true,\"valueName\":\"search_term_string\"}}],\"inLanguage\":\"de-DE\"}]}<\/script>\n<!-- \/ Yoast SEO plugin. -->","yoast_head_json":{"title":"Residenza Ducato Venedig - Residenza Ducato Venezia","robots":{"index":"index","follow":"follow","max-snippet":"max-snippet:-1","max-image-preview":"max-image-preview:large","max-video-preview":"max-video-preview:-1"},"canonical":"https:\/\/www.residenzaducato.it\/de\/","og_locale":"de_DE","og_type":"article","og_title":"Residenza Ducato Venedig - Residenza Ducato Venezia","og_description":"DieResidenza Ducato ist eine neu erstellt Wohnanlage im Stadtteil San Marco, nur wenige Schritte vom Teatro La Fenice, der Rialtobr\u00fccke, der Piazza San Marco und vielen anderen Orten von historischem, monumentalem und touristischem Interesse entfernt. Die exklusiven Apartments der Residenza Ducato erwarten Sie zu einem unvergesslichen Urlaub in v\u00f6lliger Freiheit. Sie sind verf\u00fcgen \u00fcber Aufzug, [&hellip;]","og_url":"https:\/\/www.residenzaducato.it\/de\/","og_site_name":"Residenza Ducato Venezia","article_modified_time":"2024-01-26T15:44:02+00:00","twitter_card":"summary_large_image","twitter_misc":{"Gesch\u00e4tzte Lesezeit":"1 Minute"},"schema":{"@context":"https:\/\/schema.org","@graph":[{"@type":"WebPage","@id":"https:\/\/www.residenzaducato.it\/de\/","url":"https:\/\/www.residenzaducato.it\/de\/","name":"Residenza Ducato Venedig - Residenza Ducato Venezia","isPartOf":{"@id":"https:\/\/www.residenzaducato.it\/de\/#website"},"datePublished":"2019-10-14T08:34:33+00:00","dateModified":"2024-01-26T15:44:02+00:00","breadcrumb":{"@id":"https:\/\/www.residenzaducato.it\/de\/#breadcrumb"},"inLanguage":"de-DE","potentialAction":[{"@type":"ReadAction","target":["https:\/\/www.residenzaducato.it\/de\/"]}]},{"@type":"BreadcrumbList","@id":"https:\/\/www.residenzaducato.it\/de\/#breadcrumb","itemListElement":[{"@type":"ListItem","position":1,"name":"Home","item":"https:\/\/www.residenzaducato.it\/de\/"},{"@type":"ListItem","position":2,"name":"Residenza Ducato Venedig"}]},{"@type":"WebSite","@id":"https:\/\/www.residenzaducato.it\/de\/#website","url":"https:\/\/www.residenzaducato.it\/de\/","name":"Residenza Ducato Venezia","description":"Just another ms.decms.eu site","potentialAction":[{"@type":"SearchAction","target":{"@type":"EntryPoint","urlTemplate":"https:\/\/www.residenzaducato.it\/de\/?s={search_term_string}"},"query-input":{"@type":"PropertyValueSpecification","valueRequired":true,"valueName":"search_term_string"}}],"inLanguage":"de-DE"}]}},"acf":[],"_links":{"self":[{"href":"https:\/\/www.residenzaducato.it\/de\/wp-json\/wp\/v2\/pages\/465","targetHints":{"allow":["GET"]}}],"collection":[{"href":"https:\/\/www.residenzaducato.it\/de\/wp-json\/wp\/v2\/pages"}],"about":[{"href":"https:\/\/www.residenzaducato.it\/de\/wp-json\/wp\/v2\/types\/page"}],"author":[{"embeddable":true,"href":"https:\/\/www.residenzaducato.it\/de\/wp-json\/wp\/v2\/users\/4"}],"replies":[{"embeddable":true,"href":"https:\/\/www.residenzaducato.it\/de\/wp-json\/wp\/v2\/comments?post=465"}],"version-history":[{"count":0,"href":"https:\/\/www.residenzaducato.it\/de\/wp-json\/wp\/v2\/pages\/465\/revisions"}],"wp:attachment":[{"href":"https:\/\/www.residenzaducato.it\/de\/wp-json\/wp\/v2\/media?parent=465"}],"curies":[{"name":"wp","href":"https:\/\/api.w.org\/{rel}","templated":true}]}}