{"id":466,"date":"2019-10-14T08:35:48","date_gmt":"2019-10-14T08:35:48","guid":{"rendered":"https:\/\/www.residenzaducato.it\/?page_id=466"},"modified":"2026-02-18T11:15:49","modified_gmt":"2026-02-18T11:15:49","slug":"apartments","status":"publish","type":"page","link":"https:\/\/www.residenzaducato.it\/de\/apartments\/","title":{"rendered":"Apartments"},"content":{"rendered":"<p>Die exklusiven Apartments der Residenza Ducato erwarten Sie zu einem unvergesslichen Urlaub in v\u00f6lliger Freiheit.<\/p>\n<p>In den Badezimmern mit gro\u00dfen Glasduschkabinen und Erlebnisduschen,<br \/>\nfinden Sie ein G\u00e4ste-K\u00f6rperpflegeset ORTIGIA, Handt\u00fccher, Badem\u00e4ntel und Frottierpantoffeln.<\/p>\n<p><em>Die t\u00e4gliche Reinigung ist im Preis inbegriffen.<\/em><\/p>\n","protected":false},"excerpt":{"rendered":"<p>Die exklusiven Apartments der Residenza Ducato erwarten Sie zu einem unvergesslichen Urlaub in v\u00f6lliger Freiheit. In den Badezimmern mit gro\u00dfen Glasduschkabinen und Erlebnisduschen, finden Sie ein G\u00e4ste-K\u00f6rperpflegeset ORTIGIA, Handt\u00fccher, Badem\u00e4ntel und Frottierpantoffeln. Die t\u00e4gliche Reinigung ist im Preis inbegriffen.<\/p>\n","protected":false},"author":4,"featured_media":0,"parent":0,"menu_order":20,"comment_status":"closed","ping_status":"closed","template":"template-rooms.php","meta":{"footnotes":""},"class_list":["post-466","page","type-page","status-publish","hentry"],"yoast_head":"<!-- This site is optimized with the Yoast SEO plugin v26.9 - https:\/\/yoast.com\/product\/yoast-seo-wordpress\/ -->\n<title>Apartments - Residenza Ducato Venezia<\/title>\n<meta name=\"robots\" content=\"index, follow, max-snippet:-1, max-image-preview:large, max-video-preview:-1\" \/>\n<link rel=\"canonical\" href=\"https:\/\/www.residenzaducato.it\/de\/apartments\/\" \/>\n<meta property=\"og:locale\" content=\"de_DE\" \/>\n<meta property=\"og:type\" content=\"article\" \/>\n<meta property=\"og:title\" content=\"Apartments - Residenza Ducato Venezia\" \/>\n<meta property=\"og:description\" content=\"Die exklusiven Apartments der Residenza Ducato erwarten Sie zu einem unvergesslichen Urlaub in v\u00f6lliger Freiheit. In den Badezimmern mit gro\u00dfen Glasduschkabinen und Erlebnisduschen, finden Sie ein G\u00e4ste-K\u00f6rperpflegeset ORTIGIA, Handt\u00fccher, Badem\u00e4ntel und Frottierpantoffeln. Die t\u00e4gliche Reinigung ist im Preis inbegriffen.\" \/>\n<meta property=\"og:url\" content=\"https:\/\/www.residenzaducato.it\/de\/apartments\/\" \/>\n<meta property=\"og:site_name\" content=\"Residenza Ducato Venezia\" \/>\n<meta property=\"article:modified_time\" content=\"2026-02-18T11:15:49+00:00\" \/>\n<meta name=\"twitter:card\" content=\"summary_large_image\" \/>\n<meta name=\"twitter:label1\" content=\"Gesch\u00e4tzte Lesezeit\" \/>\n\t<meta name=\"twitter:data1\" content=\"1 Minute\" \/>\n<script type=\"application\/ld+json\" class=\"yoast-schema-graph\">{\"@context\":\"https:\/\/schema.org\",\"@graph\":[{\"@type\":\"WebPage\",\"@id\":\"https:\/\/www.residenzaducato.it\/de\/apartments\/\",\"url\":\"https:\/\/www.residenzaducato.it\/de\/apartments\/\",\"name\":\"Apartments - Residenza Ducato Venezia\",\"isPartOf\":{\"@id\":\"https:\/\/www.residenzaducato.it\/de\/#website\"},\"datePublished\":\"2019-10-14T08:35:48+00:00\",\"dateModified\":\"2026-02-18T11:15:49+00:00\",\"breadcrumb\":{\"@id\":\"https:\/\/www.residenzaducato.it\/de\/apartments\/#breadcrumb\"},\"inLanguage\":\"de-DE\",\"potentialAction\":[{\"@type\":\"ReadAction\",\"target\":[\"https:\/\/www.residenzaducato.it\/de\/apartments\/\"]}]},{\"@type\":\"BreadcrumbList\",\"@id\":\"https:\/\/www.residenzaducato.it\/de\/apartments\/#breadcrumb\",\"itemListElement\":[{\"@type\":\"ListItem\",\"position\":1,\"name\":\"Home\",\"item\":\"https:\/\/www.residenzaducato.it\/de\/\"},{\"@type\":\"ListItem\",\"position\":2,\"name\":\"Apartments\"}]},{\"@type\":\"WebSite\",\"@id\":\"https:\/\/www.residenzaducato.it\/de\/#website\",\"url\":\"https:\/\/www.residenzaducato.it\/de\/\",\"name\":\"Residenza Ducato Venezia\",\"description\":\"Just another ms.decms.eu site\",\"potentialAction\":[{\"@type\":\"SearchAction\",\"target\":{\"@type\":\"EntryPoint\",\"urlTemplate\":\"https:\/\/www.residenzaducato.it\/de\/?s={search_term_string}\"},\"query-input\":{\"@type\":\"PropertyValueSpecification\",\"valueRequired\":true,\"valueName\":\"search_term_string\"}}],\"inLanguage\":\"de-DE\"}]}<\/script>\n<!-- \/ Yoast SEO plugin. -->","yoast_head_json":{"title":"Apartments - Residenza Ducato Venezia","robots":{"index":"index","follow":"follow","max-snippet":"max-snippet:-1","max-image-preview":"max-image-preview:large","max-video-preview":"max-video-preview:-1"},"canonical":"https:\/\/www.residenzaducato.it\/de\/apartments\/","og_locale":"de_DE","og_type":"article","og_title":"Apartments - Residenza Ducato Venezia","og_description":"Die exklusiven Apartments der Residenza Ducato erwarten Sie zu einem unvergesslichen Urlaub in v\u00f6lliger Freiheit. In den Badezimmern mit gro\u00dfen Glasduschkabinen und Erlebnisduschen, finden Sie ein G\u00e4ste-K\u00f6rperpflegeset ORTIGIA, Handt\u00fccher, Badem\u00e4ntel und Frottierpantoffeln. Die t\u00e4gliche Reinigung ist im Preis inbegriffen.","og_url":"https:\/\/www.residenzaducato.it\/de\/apartments\/","og_site_name":"Residenza Ducato Venezia","article_modified_time":"2026-02-18T11:15:49+00:00","twitter_card":"summary_large_image","twitter_misc":{"Gesch\u00e4tzte Lesezeit":"1 Minute"},"schema":{"@context":"https:\/\/schema.org","@graph":[{"@type":"WebPage","@id":"https:\/\/www.residenzaducato.it\/de\/apartments\/","url":"https:\/\/www.residenzaducato.it\/de\/apartments\/","name":"Apartments - Residenza Ducato Venezia","isPartOf":{"@id":"https:\/\/www.residenzaducato.it\/de\/#website"},"datePublished":"2019-10-14T08:35:48+00:00","dateModified":"2026-02-18T11:15:49+00:00","breadcrumb":{"@id":"https:\/\/www.residenzaducato.it\/de\/apartments\/#breadcrumb"},"inLanguage":"de-DE","potentialAction":[{"@type":"ReadAction","target":["https:\/\/www.residenzaducato.it\/de\/apartments\/"]}]},{"@type":"BreadcrumbList","@id":"https:\/\/www.residenzaducato.it\/de\/apartments\/#breadcrumb","itemListElement":[{"@type":"ListItem","position":1,"name":"Home","item":"https:\/\/www.residenzaducato.it\/de\/"},{"@type":"ListItem","position":2,"name":"Apartments"}]},{"@type":"WebSite","@id":"https:\/\/www.residenzaducato.it\/de\/#website","url":"https:\/\/www.residenzaducato.it\/de\/","name":"Residenza Ducato Venezia","description":"Just another ms.decms.eu site","potentialAction":[{"@type":"SearchAction","target":{"@type":"EntryPoint","urlTemplate":"https:\/\/www.residenzaducato.it\/de\/?s={search_term_string}"},"query-input":{"@type":"PropertyValueSpecification","valueRequired":true,"valueName":"search_term_string"}}],"inLanguage":"de-DE"}]}},"acf":[],"_links":{"self":[{"href":"https:\/\/www.residenzaducato.it\/de\/wp-json\/wp\/v2\/pages\/466","targetHints":{"allow":["GET"]}}],"collection":[{"href":"https:\/\/www.residenzaducato.it\/de\/wp-json\/wp\/v2\/pages"}],"about":[{"href":"https:\/\/www.residenzaducato.it\/de\/wp-json\/wp\/v2\/types\/page"}],"author":[{"embeddable":true,"href":"https:\/\/www.residenzaducato.it\/de\/wp-json\/wp\/v2\/users\/4"}],"replies":[{"embeddable":true,"href":"https:\/\/www.residenzaducato.it\/de\/wp-json\/wp\/v2\/comments?post=466"}],"version-history":[{"count":0,"href":"https:\/\/www.residenzaducato.it\/de\/wp-json\/wp\/v2\/pages\/466\/revisions"}],"wp:attachment":[{"href":"https:\/\/www.residenzaducato.it\/de\/wp-json\/wp\/v2\/media?parent=466"}],"curies":[{"name":"wp","href":"https:\/\/api.w.org\/{rel}","templated":true}]}}