{"id":477,"date":"2019-10-14T09:06:54","date_gmt":"2019-10-14T09:06:54","guid":{"rendered":"https:\/\/www.residenzaducato.it\/?page_id=477"},"modified":"2019-10-14T14:17:30","modified_gmt":"2019-10-14T14:17:30","slug":"lage","status":"publish","type":"page","link":"https:\/\/www.residenzaducato.it\/de\/lage\/","title":{"rendered":"Lage"},"content":{"rendered":"<p>Die Residenza Ducato befindet sich in der Calle delle Locande 4283 <strong>im Stadtteil San Marco<\/strong>, ganz in der N\u00e4he der Scala Contarini &#8222;del Bovolo&#8220; einer &#8222;versteckten&#8220; Ecke Venedigs, die zu den meistbesuchten z\u00e4hlt.<\/p>\n<p>Die <strong>ausgezeichnete Lage der Residenz<\/strong> gibt Ihnen die M\u00f6glichkeit, jeden Tag eine neue Route zu w\u00e4hlen, um sowohl die ber\u00fchmtesten als auch die kleineren oder verborgeneren Bereiche zu entdecken und so den Charme einer weltweit einzigartigen Stadt zu genie\u00dfen.<\/p>\n<p><strong>Der private Wassertaxi-Service f\u00fcr den Transfer kann auch \u00fcber uns gebucht werden.<\/strong><\/p>\n","protected":false},"excerpt":{"rendered":"<p>Die Residenza Ducato befindet sich in der Calle delle Locande 4283 im Stadtteil San Marco, ganz in der N\u00e4he der Scala Contarini &#8222;del Bovolo&#8220; einer &#8222;versteckten&#8220; Ecke Venedigs, die zu den meistbesuchten z\u00e4hlt. Die ausgezeichnete Lage der Residenz gibt Ihnen die M\u00f6glichkeit, jeden Tag eine neue Route zu w\u00e4hlen, um sowohl die ber\u00fchmtesten als auch [&hellip;]<\/p>\n","protected":false},"author":4,"featured_media":0,"parent":0,"menu_order":50,"comment_status":"closed","ping_status":"closed","template":"template-location.php","meta":{"footnotes":""},"class_list":["post-477","page","type-page","status-publish","hentry"],"yoast_head":"<!-- This site is optimized with the Yoast SEO plugin v26.9 - https:\/\/yoast.com\/product\/yoast-seo-wordpress\/ -->\n<title>Lage - Residenza Ducato Venezia<\/title>\n<meta name=\"robots\" content=\"index, follow, max-snippet:-1, max-image-preview:large, max-video-preview:-1\" \/>\n<link rel=\"canonical\" href=\"https:\/\/www.residenzaducato.it\/de\/lage\/\" \/>\n<meta property=\"og:locale\" content=\"de_DE\" \/>\n<meta property=\"og:type\" content=\"article\" \/>\n<meta property=\"og:title\" content=\"Lage - Residenza Ducato Venezia\" \/>\n<meta property=\"og:description\" content=\"Die Residenza Ducato befindet sich in der Calle delle Locande 4283 im Stadtteil San Marco, ganz in der N\u00e4he der Scala Contarini &#8222;del Bovolo&#8220; einer &#8222;versteckten&#8220; Ecke Venedigs, die zu den meistbesuchten z\u00e4hlt. Die ausgezeichnete Lage der Residenz gibt Ihnen die M\u00f6glichkeit, jeden Tag eine neue Route zu w\u00e4hlen, um sowohl die ber\u00fchmtesten als auch [&hellip;]\" \/>\n<meta property=\"og:url\" content=\"https:\/\/www.residenzaducato.it\/de\/lage\/\" \/>\n<meta property=\"og:site_name\" content=\"Residenza Ducato Venezia\" \/>\n<meta property=\"article:modified_time\" content=\"2019-10-14T14:17:30+00:00\" \/>\n<meta name=\"twitter:card\" content=\"summary_large_image\" \/>\n<script type=\"application\/ld+json\" class=\"yoast-schema-graph\">{\"@context\":\"https:\/\/schema.org\",\"@graph\":[{\"@type\":\"WebPage\",\"@id\":\"https:\/\/www.residenzaducato.it\/de\/lage\/\",\"url\":\"https:\/\/www.residenzaducato.it\/de\/lage\/\",\"name\":\"Lage - Residenza Ducato Venezia\",\"isPartOf\":{\"@id\":\"https:\/\/www.residenzaducato.it\/de\/#website\"},\"datePublished\":\"2019-10-14T09:06:54+00:00\",\"dateModified\":\"2019-10-14T14:17:30+00:00\",\"breadcrumb\":{\"@id\":\"https:\/\/www.residenzaducato.it\/de\/lage\/#breadcrumb\"},\"inLanguage\":\"de-DE\",\"potentialAction\":[{\"@type\":\"ReadAction\",\"target\":[\"https:\/\/www.residenzaducato.it\/de\/lage\/\"]}]},{\"@type\":\"BreadcrumbList\",\"@id\":\"https:\/\/www.residenzaducato.it\/de\/lage\/#breadcrumb\",\"itemListElement\":[{\"@type\":\"ListItem\",\"position\":1,\"name\":\"Home\",\"item\":\"https:\/\/www.residenzaducato.it\/de\/\"},{\"@type\":\"ListItem\",\"position\":2,\"name\":\"Lage\"}]},{\"@type\":\"WebSite\",\"@id\":\"https:\/\/www.residenzaducato.it\/de\/#website\",\"url\":\"https:\/\/www.residenzaducato.it\/de\/\",\"name\":\"Residenza Ducato Venezia\",\"description\":\"Just another ms.decms.eu site\",\"potentialAction\":[{\"@type\":\"SearchAction\",\"target\":{\"@type\":\"EntryPoint\",\"urlTemplate\":\"https:\/\/www.residenzaducato.it\/de\/?s={search_term_string}\"},\"query-input\":{\"@type\":\"PropertyValueSpecification\",\"valueRequired\":true,\"valueName\":\"search_term_string\"}}],\"inLanguage\":\"de-DE\"}]}<\/script>\n<!-- \/ Yoast SEO plugin. -->","yoast_head_json":{"title":"Lage - Residenza Ducato Venezia","robots":{"index":"index","follow":"follow","max-snippet":"max-snippet:-1","max-image-preview":"max-image-preview:large","max-video-preview":"max-video-preview:-1"},"canonical":"https:\/\/www.residenzaducato.it\/de\/lage\/","og_locale":"de_DE","og_type":"article","og_title":"Lage - Residenza Ducato Venezia","og_description":"Die Residenza Ducato befindet sich in der Calle delle Locande 4283 im Stadtteil San Marco, ganz in der N\u00e4he der Scala Contarini &#8222;del Bovolo&#8220; einer &#8222;versteckten&#8220; Ecke Venedigs, die zu den meistbesuchten z\u00e4hlt. Die ausgezeichnete Lage der Residenz gibt Ihnen die M\u00f6glichkeit, jeden Tag eine neue Route zu w\u00e4hlen, um sowohl die ber\u00fchmtesten als auch [&hellip;]","og_url":"https:\/\/www.residenzaducato.it\/de\/lage\/","og_site_name":"Residenza Ducato Venezia","article_modified_time":"2019-10-14T14:17:30+00:00","twitter_card":"summary_large_image","schema":{"@context":"https:\/\/schema.org","@graph":[{"@type":"WebPage","@id":"https:\/\/www.residenzaducato.it\/de\/lage\/","url":"https:\/\/www.residenzaducato.it\/de\/lage\/","name":"Lage - Residenza Ducato Venezia","isPartOf":{"@id":"https:\/\/www.residenzaducato.it\/de\/#website"},"datePublished":"2019-10-14T09:06:54+00:00","dateModified":"2019-10-14T14:17:30+00:00","breadcrumb":{"@id":"https:\/\/www.residenzaducato.it\/de\/lage\/#breadcrumb"},"inLanguage":"de-DE","potentialAction":[{"@type":"ReadAction","target":["https:\/\/www.residenzaducato.it\/de\/lage\/"]}]},{"@type":"BreadcrumbList","@id":"https:\/\/www.residenzaducato.it\/de\/lage\/#breadcrumb","itemListElement":[{"@type":"ListItem","position":1,"name":"Home","item":"https:\/\/www.residenzaducato.it\/de\/"},{"@type":"ListItem","position":2,"name":"Lage"}]},{"@type":"WebSite","@id":"https:\/\/www.residenzaducato.it\/de\/#website","url":"https:\/\/www.residenzaducato.it\/de\/","name":"Residenza Ducato Venezia","description":"Just another ms.decms.eu site","potentialAction":[{"@type":"SearchAction","target":{"@type":"EntryPoint","urlTemplate":"https:\/\/www.residenzaducato.it\/de\/?s={search_term_string}"},"query-input":{"@type":"PropertyValueSpecification","valueRequired":true,"valueName":"search_term_string"}}],"inLanguage":"de-DE"}]}},"acf":[],"_links":{"self":[{"href":"https:\/\/www.residenzaducato.it\/de\/wp-json\/wp\/v2\/pages\/477","targetHints":{"allow":["GET"]}}],"collection":[{"href":"https:\/\/www.residenzaducato.it\/de\/wp-json\/wp\/v2\/pages"}],"about":[{"href":"https:\/\/www.residenzaducato.it\/de\/wp-json\/wp\/v2\/types\/page"}],"author":[{"embeddable":true,"href":"https:\/\/www.residenzaducato.it\/de\/wp-json\/wp\/v2\/users\/4"}],"replies":[{"embeddable":true,"href":"https:\/\/www.residenzaducato.it\/de\/wp-json\/wp\/v2\/comments?post=477"}],"version-history":[{"count":0,"href":"https:\/\/www.residenzaducato.it\/de\/wp-json\/wp\/v2\/pages\/477\/revisions"}],"wp:attachment":[{"href":"https:\/\/www.residenzaducato.it\/de\/wp-json\/wp\/v2\/media?parent=477"}],"curies":[{"name":"wp","href":"https:\/\/api.w.org\/{rel}","templated":true}]}}