{"id":505,"date":"2019-10-14T10:35:34","date_gmt":"2019-10-14T10:35:34","guid":{"rendered":"https:\/\/www.residenzaducato.it\/?page_id=505"},"modified":"2024-02-16T10:45:39","modified_gmt":"2024-02-16T10:45:39","slug":"residenza-ducato-de-venecia","status":"publish","type":"page","link":"https:\/\/www.residenzaducato.it\/es\/","title":{"rendered":"Residenza Ducato de Venecia"},"content":{"rendered":"<p>La Residenza Ducato es un establecimiento de nueva construcci\u00f3n ubicado en el <strong>distrito de San Marcos<\/strong> a pocos pasos del <strong>Teatro la Fenice<\/strong>, el puente de <strong>Rialto<\/strong>, la <strong>plaza San Marcos<\/strong> y muchos otros lugares de inter\u00e9s hist\u00f3rico, monumental y tur\u00edstico.<\/p>\n<p>Los exclusivos apartamentos de la Residenza Ducato le esperan para que pase<strong> unas vacaciones inolvidables en total libertad.<\/strong><\/p>\n<p>Est\u00e1n equipadas con ascensor, aire acondicionado, wifi, altavoces BOSE Bluetooth, TV de pantalla plana de 42&#8243; en la sala de estar y el dormitorio, caja fuerte, cocina americana completamente equipada con placa de inducci\u00f3n, horno, lavavajillas, lavadora, tendedero, plancha, tabla de planchar y minibar con una amplia selecci\u00f3n de aperitivos y bebidas.<\/p>\n<p>En los ba\u00f1os, todos equipados con grandes cabinas de cristal y <strong>duchas de sensaciones AQUADEMY<\/strong>, encontrar\u00e1 el set de cortes\u00eda ORTIGIA, toallas, albornoces y zapatillas de rizo.<\/p>\n<p>El personal multiling\u00fce le dar\u00e1 la bienvenida en recepci\u00f3n y podr\u00e1 relajarse en el bello patio\u00a0 interior equipado con sillas y mesas.<\/p>\n","protected":false},"excerpt":{"rendered":"<p>La Residenza Ducato es un establecimiento de nueva construcci\u00f3n ubicado en el distrito de San Marcos a pocos pasos del Teatro la Fenice, el puente de Rialto, la plaza San Marcos y muchos otros lugares de inter\u00e9s hist\u00f3rico, monumental y tur\u00edstico. Los exclusivos apartamentos de la Residenza Ducato le esperan para que pase unas vacaciones [&hellip;]<\/p>\n","protected":false},"author":4,"featured_media":0,"parent":0,"menu_order":10,"comment_status":"closed","ping_status":"closed","template":"","meta":{"footnotes":""},"class_list":["post-505","page","type-page","status-publish","hentry"],"yoast_head":"<!-- This site is optimized with the Yoast SEO plugin v26.9 - https:\/\/yoast.com\/product\/yoast-seo-wordpress\/ -->\n<title>Residenza Ducato de Venecia - Residenza Ducato Venezia<\/title>\n<meta name=\"robots\" content=\"index, follow, max-snippet:-1, max-image-preview:large, max-video-preview:-1\" \/>\n<link rel=\"canonical\" href=\"https:\/\/www.residenzaducato.it\/es\/\" \/>\n<meta property=\"og:locale\" content=\"es_ES\" \/>\n<meta property=\"og:type\" content=\"article\" \/>\n<meta property=\"og:title\" content=\"Residenza Ducato de Venecia - Residenza Ducato Venezia\" \/>\n<meta property=\"og:description\" content=\"La Residenza Ducato es un establecimiento de nueva construcci\u00f3n ubicado en el distrito de San Marcos a pocos pasos del Teatro la Fenice, el puente de Rialto, la plaza San Marcos y muchos otros lugares de inter\u00e9s hist\u00f3rico, monumental y tur\u00edstico. Los exclusivos apartamentos de la Residenza Ducato le esperan para que pase unas vacaciones [&hellip;]\" \/>\n<meta property=\"og:url\" content=\"https:\/\/www.residenzaducato.it\/es\/\" \/>\n<meta property=\"og:site_name\" content=\"Residenza Ducato Venezia\" \/>\n<meta property=\"article:modified_time\" content=\"2024-02-16T10:45:39+00:00\" \/>\n<meta name=\"twitter:card\" content=\"summary_large_image\" \/>\n<meta name=\"twitter:label1\" content=\"Tiempo de lectura\" \/>\n\t<meta name=\"twitter:data1\" content=\"1 minuto\" \/>\n<script type=\"application\/ld+json\" class=\"yoast-schema-graph\">{\"@context\":\"https:\/\/schema.org\",\"@graph\":[{\"@type\":\"WebPage\",\"@id\":\"https:\/\/www.residenzaducato.it\/es\/\",\"url\":\"https:\/\/www.residenzaducato.it\/es\/\",\"name\":\"Residenza Ducato de Venecia - Residenza Ducato Venezia\",\"isPartOf\":{\"@id\":\"https:\/\/www.residenzaducato.it\/es\/#website\"},\"datePublished\":\"2019-10-14T10:35:34+00:00\",\"dateModified\":\"2024-02-16T10:45:39+00:00\",\"breadcrumb\":{\"@id\":\"https:\/\/www.residenzaducato.it\/es\/#breadcrumb\"},\"inLanguage\":\"es\",\"potentialAction\":[{\"@type\":\"ReadAction\",\"target\":[\"https:\/\/www.residenzaducato.it\/es\/\"]}]},{\"@type\":\"BreadcrumbList\",\"@id\":\"https:\/\/www.residenzaducato.it\/es\/#breadcrumb\",\"itemListElement\":[{\"@type\":\"ListItem\",\"position\":1,\"name\":\"Home\",\"item\":\"https:\/\/www.residenzaducato.it\/es\/\"},{\"@type\":\"ListItem\",\"position\":2,\"name\":\"Residenza Ducato de Venecia\"}]},{\"@type\":\"WebSite\",\"@id\":\"https:\/\/www.residenzaducato.it\/es\/#website\",\"url\":\"https:\/\/www.residenzaducato.it\/es\/\",\"name\":\"Residenza Ducato Venezia\",\"description\":\"Just another ms.decms.eu site\",\"potentialAction\":[{\"@type\":\"SearchAction\",\"target\":{\"@type\":\"EntryPoint\",\"urlTemplate\":\"https:\/\/www.residenzaducato.it\/es\/?s={search_term_string}\"},\"query-input\":{\"@type\":\"PropertyValueSpecification\",\"valueRequired\":true,\"valueName\":\"search_term_string\"}}],\"inLanguage\":\"es\"}]}<\/script>\n<!-- \/ Yoast SEO plugin. -->","yoast_head_json":{"title":"Residenza Ducato de Venecia - Residenza Ducato Venezia","robots":{"index":"index","follow":"follow","max-snippet":"max-snippet:-1","max-image-preview":"max-image-preview:large","max-video-preview":"max-video-preview:-1"},"canonical":"https:\/\/www.residenzaducato.it\/es\/","og_locale":"es_ES","og_type":"article","og_title":"Residenza Ducato de Venecia - Residenza Ducato Venezia","og_description":"La Residenza Ducato es un establecimiento de nueva construcci\u00f3n ubicado en el distrito de San Marcos a pocos pasos del Teatro la Fenice, el puente de Rialto, la plaza San Marcos y muchos otros lugares de inter\u00e9s hist\u00f3rico, monumental y tur\u00edstico. Los exclusivos apartamentos de la Residenza Ducato le esperan para que pase unas vacaciones [&hellip;]","og_url":"https:\/\/www.residenzaducato.it\/es\/","og_site_name":"Residenza Ducato Venezia","article_modified_time":"2024-02-16T10:45:39+00:00","twitter_card":"summary_large_image","twitter_misc":{"Tiempo de lectura":"1 minuto"},"schema":{"@context":"https:\/\/schema.org","@graph":[{"@type":"WebPage","@id":"https:\/\/www.residenzaducato.it\/es\/","url":"https:\/\/www.residenzaducato.it\/es\/","name":"Residenza Ducato de Venecia - Residenza Ducato Venezia","isPartOf":{"@id":"https:\/\/www.residenzaducato.it\/es\/#website"},"datePublished":"2019-10-14T10:35:34+00:00","dateModified":"2024-02-16T10:45:39+00:00","breadcrumb":{"@id":"https:\/\/www.residenzaducato.it\/es\/#breadcrumb"},"inLanguage":"es","potentialAction":[{"@type":"ReadAction","target":["https:\/\/www.residenzaducato.it\/es\/"]}]},{"@type":"BreadcrumbList","@id":"https:\/\/www.residenzaducato.it\/es\/#breadcrumb","itemListElement":[{"@type":"ListItem","position":1,"name":"Home","item":"https:\/\/www.residenzaducato.it\/es\/"},{"@type":"ListItem","position":2,"name":"Residenza Ducato de Venecia"}]},{"@type":"WebSite","@id":"https:\/\/www.residenzaducato.it\/es\/#website","url":"https:\/\/www.residenzaducato.it\/es\/","name":"Residenza Ducato Venezia","description":"Just another ms.decms.eu site","potentialAction":[{"@type":"SearchAction","target":{"@type":"EntryPoint","urlTemplate":"https:\/\/www.residenzaducato.it\/es\/?s={search_term_string}"},"query-input":{"@type":"PropertyValueSpecification","valueRequired":true,"valueName":"search_term_string"}}],"inLanguage":"es"}]}},"acf":[],"_links":{"self":[{"href":"https:\/\/www.residenzaducato.it\/es\/wp-json\/wp\/v2\/pages\/505","targetHints":{"allow":["GET"]}}],"collection":[{"href":"https:\/\/www.residenzaducato.it\/es\/wp-json\/wp\/v2\/pages"}],"about":[{"href":"https:\/\/www.residenzaducato.it\/es\/wp-json\/wp\/v2\/types\/page"}],"author":[{"embeddable":true,"href":"https:\/\/www.residenzaducato.it\/es\/wp-json\/wp\/v2\/users\/4"}],"replies":[{"embeddable":true,"href":"https:\/\/www.residenzaducato.it\/es\/wp-json\/wp\/v2\/comments?post=505"}],"version-history":[{"count":0,"href":"https:\/\/www.residenzaducato.it\/es\/wp-json\/wp\/v2\/pages\/505\/revisions"}],"wp:attachment":[{"href":"https:\/\/www.residenzaducato.it\/es\/wp-json\/wp\/v2\/media?parent=505"}],"curies":[{"name":"wp","href":"https:\/\/api.w.org\/{rel}","templated":true}]}}