{"id":512,"date":"2019-10-14T11:45:39","date_gmt":"2019-10-14T11:45:39","guid":{"rendered":"https:\/\/www.residenzaducato.it\/?page_id=512"},"modified":"2019-10-14T11:46:03","modified_gmt":"2019-10-14T11:46:03","slug":"residenza-ducato-21","status":"publish","type":"page","link":"https:\/\/www.residenzaducato.it\/es\/apartamentos\/residenza-ducato-21\/","title":{"rendered":"Residenza Ducato 21"},"content":{"rendered":"<p>Apartamento de 52 m\u00b2 con suelos de parquet.<\/p>\n<p>Se encuentra en el segundo piso del edificio. La sala de estar presenta una chimenea de m\u00e1rmol, cocina americana y un sof\u00e1 cama (individual o doble).<br \/>\nEn el dormitorio doble hay una<em> chaise longue<\/em> adecuada para la relajaci\u00f3n o como cama supletoria.<\/p>\n<p>El ba\u00f1o ofrece una ducha de sensaciones.<\/p>\n","protected":false},"excerpt":{"rendered":"<p>Apartamento de 52 m\u00b2 con suelos de parquet. Se encuentra en el segundo piso del edificio. La sala de estar presenta una chimenea de m\u00e1rmol, cocina americana y un sof\u00e1 cama (individual o doble). En el dormitorio doble hay una chaise longue adecuada para la relajaci\u00f3n o como cama supletoria. El ba\u00f1o ofrece una ducha [&hellip;]<\/p>\n","protected":false},"author":4,"featured_media":0,"parent":506,"menu_order":5,"comment_status":"closed","ping_status":"closed","template":"template-single-room.php","meta":{"footnotes":""},"class_list":["post-512","page","type-page","status-publish","hentry"],"yoast_head":"<!-- This site is optimized with the Yoast SEO plugin v26.9 - https:\/\/yoast.com\/product\/yoast-seo-wordpress\/ -->\n<title>Residenza Ducato 21 - Residenza Ducato Venezia<\/title>\n<meta name=\"robots\" content=\"index, follow, max-snippet:-1, max-image-preview:large, max-video-preview:-1\" \/>\n<link rel=\"canonical\" href=\"https:\/\/www.residenzaducato.it\/es\/apartamentos\/residenza-ducato-21\/\" \/>\n<meta property=\"og:locale\" content=\"es_ES\" \/>\n<meta property=\"og:type\" content=\"article\" \/>\n<meta property=\"og:title\" content=\"Residenza Ducato 21 - Residenza Ducato Venezia\" \/>\n<meta property=\"og:description\" content=\"Apartamento de 52 m\u00b2 con suelos de parquet. Se encuentra en el segundo piso del edificio. La sala de estar presenta una chimenea de m\u00e1rmol, cocina americana y un sof\u00e1 cama (individual o doble). En el dormitorio doble hay una chaise longue adecuada para la relajaci\u00f3n o como cama supletoria. El ba\u00f1o ofrece una ducha [&hellip;]\" \/>\n<meta property=\"og:url\" content=\"https:\/\/www.residenzaducato.it\/es\/apartamentos\/residenza-ducato-21\/\" \/>\n<meta property=\"og:site_name\" content=\"Residenza Ducato Venezia\" \/>\n<meta property=\"article:modified_time\" content=\"2019-10-14T11:46:03+00:00\" \/>\n<meta name=\"twitter:card\" content=\"summary_large_image\" \/>\n<script type=\"application\/ld+json\" class=\"yoast-schema-graph\">{\"@context\":\"https:\/\/schema.org\",\"@graph\":[{\"@type\":\"WebPage\",\"@id\":\"https:\/\/www.residenzaducato.it\/es\/apartamentos\/residenza-ducato-21\/\",\"url\":\"https:\/\/www.residenzaducato.it\/es\/apartamentos\/residenza-ducato-21\/\",\"name\":\"Residenza Ducato 21 - Residenza Ducato Venezia\",\"isPartOf\":{\"@id\":\"https:\/\/www.residenzaducato.it\/es\/#website\"},\"datePublished\":\"2019-10-14T11:45:39+00:00\",\"dateModified\":\"2019-10-14T11:46:03+00:00\",\"breadcrumb\":{\"@id\":\"https:\/\/www.residenzaducato.it\/es\/apartamentos\/residenza-ducato-21\/#breadcrumb\"},\"inLanguage\":\"es\",\"potentialAction\":[{\"@type\":\"ReadAction\",\"target\":[\"https:\/\/www.residenzaducato.it\/es\/apartamentos\/residenza-ducato-21\/\"]}]},{\"@type\":\"BreadcrumbList\",\"@id\":\"https:\/\/www.residenzaducato.it\/es\/apartamentos\/residenza-ducato-21\/#breadcrumb\",\"itemListElement\":[{\"@type\":\"ListItem\",\"position\":1,\"name\":\"Home\",\"item\":\"https:\/\/www.residenzaducato.it\/es\/\"},{\"@type\":\"ListItem\",\"position\":2,\"name\":\"Apartamentos\",\"item\":\"https:\/\/www.residenzaducato.it\/es\/apartamentos\/\"},{\"@type\":\"ListItem\",\"position\":3,\"name\":\"Residenza Ducato 21\"}]},{\"@type\":\"WebSite\",\"@id\":\"https:\/\/www.residenzaducato.it\/es\/#website\",\"url\":\"https:\/\/www.residenzaducato.it\/es\/\",\"name\":\"Residenza Ducato Venezia\",\"description\":\"Just another ms.decms.eu site\",\"potentialAction\":[{\"@type\":\"SearchAction\",\"target\":{\"@type\":\"EntryPoint\",\"urlTemplate\":\"https:\/\/www.residenzaducato.it\/es\/?s={search_term_string}\"},\"query-input\":{\"@type\":\"PropertyValueSpecification\",\"valueRequired\":true,\"valueName\":\"search_term_string\"}}],\"inLanguage\":\"es\"}]}<\/script>\n<!-- \/ Yoast SEO plugin. -->","yoast_head_json":{"title":"Residenza Ducato 21 - Residenza Ducato Venezia","robots":{"index":"index","follow":"follow","max-snippet":"max-snippet:-1","max-image-preview":"max-image-preview:large","max-video-preview":"max-video-preview:-1"},"canonical":"https:\/\/www.residenzaducato.it\/es\/apartamentos\/residenza-ducato-21\/","og_locale":"es_ES","og_type":"article","og_title":"Residenza Ducato 21 - Residenza Ducato Venezia","og_description":"Apartamento de 52 m\u00b2 con suelos de parquet. Se encuentra en el segundo piso del edificio. La sala de estar presenta una chimenea de m\u00e1rmol, cocina americana y un sof\u00e1 cama (individual o doble). En el dormitorio doble hay una chaise longue adecuada para la relajaci\u00f3n o como cama supletoria. El ba\u00f1o ofrece una ducha [&hellip;]","og_url":"https:\/\/www.residenzaducato.it\/es\/apartamentos\/residenza-ducato-21\/","og_site_name":"Residenza Ducato Venezia","article_modified_time":"2019-10-14T11:46:03+00:00","twitter_card":"summary_large_image","schema":{"@context":"https:\/\/schema.org","@graph":[{"@type":"WebPage","@id":"https:\/\/www.residenzaducato.it\/es\/apartamentos\/residenza-ducato-21\/","url":"https:\/\/www.residenzaducato.it\/es\/apartamentos\/residenza-ducato-21\/","name":"Residenza Ducato 21 - Residenza Ducato Venezia","isPartOf":{"@id":"https:\/\/www.residenzaducato.it\/es\/#website"},"datePublished":"2019-10-14T11:45:39+00:00","dateModified":"2019-10-14T11:46:03+00:00","breadcrumb":{"@id":"https:\/\/www.residenzaducato.it\/es\/apartamentos\/residenza-ducato-21\/#breadcrumb"},"inLanguage":"es","potentialAction":[{"@type":"ReadAction","target":["https:\/\/www.residenzaducato.it\/es\/apartamentos\/residenza-ducato-21\/"]}]},{"@type":"BreadcrumbList","@id":"https:\/\/www.residenzaducato.it\/es\/apartamentos\/residenza-ducato-21\/#breadcrumb","itemListElement":[{"@type":"ListItem","position":1,"name":"Home","item":"https:\/\/www.residenzaducato.it\/es\/"},{"@type":"ListItem","position":2,"name":"Apartamentos","item":"https:\/\/www.residenzaducato.it\/es\/apartamentos\/"},{"@type":"ListItem","position":3,"name":"Residenza Ducato 21"}]},{"@type":"WebSite","@id":"https:\/\/www.residenzaducato.it\/es\/#website","url":"https:\/\/www.residenzaducato.it\/es\/","name":"Residenza Ducato Venezia","description":"Just another ms.decms.eu site","potentialAction":[{"@type":"SearchAction","target":{"@type":"EntryPoint","urlTemplate":"https:\/\/www.residenzaducato.it\/es\/?s={search_term_string}"},"query-input":{"@type":"PropertyValueSpecification","valueRequired":true,"valueName":"search_term_string"}}],"inLanguage":"es"}]}},"acf":[],"_links":{"self":[{"href":"https:\/\/www.residenzaducato.it\/es\/wp-json\/wp\/v2\/pages\/512","targetHints":{"allow":["GET"]}}],"collection":[{"href":"https:\/\/www.residenzaducato.it\/es\/wp-json\/wp\/v2\/pages"}],"about":[{"href":"https:\/\/www.residenzaducato.it\/es\/wp-json\/wp\/v2\/types\/page"}],"author":[{"embeddable":true,"href":"https:\/\/www.residenzaducato.it\/es\/wp-json\/wp\/v2\/users\/4"}],"replies":[{"embeddable":true,"href":"https:\/\/www.residenzaducato.it\/es\/wp-json\/wp\/v2\/comments?post=512"}],"version-history":[{"count":0,"href":"https:\/\/www.residenzaducato.it\/es\/wp-json\/wp\/v2\/pages\/512\/revisions"}],"up":[{"embeddable":true,"href":"https:\/\/www.residenzaducato.it\/es\/wp-json\/wp\/v2\/pages\/506"}],"wp:attachment":[{"href":"https:\/\/www.residenzaducato.it\/es\/wp-json\/wp\/v2\/media?parent=512"}],"curies":[{"name":"wp","href":"https:\/\/api.w.org\/{rel}","templated":true}]}}