{"id":514,"date":"2019-10-14T11:50:43","date_gmt":"2019-10-14T11:50:43","guid":{"rendered":"https:\/\/www.residenzaducato.it\/?page_id=514"},"modified":"2019-10-14T11:50:59","modified_gmt":"2019-10-14T11:50:59","slug":"corte-contarina","status":"publish","type":"page","link":"https:\/\/www.residenzaducato.it\/es\/corte-contarina\/","title":{"rendered":"Corte Contarina"},"content":{"rendered":"<p>La Residenza Ducato Contarina es un apartamento situado fuera del edificio, a pocos pasos de la <strong>plaza San Marcos<\/strong> y del distrito de la moda.<\/p>\n<p>Se ha reestructurado con elegancia y se encuentra en el primer piso, que dispone de entrada independiente. Cuenta con dos dormitorios, sala de estar, cocina totalmente equipada y ba\u00f1o con ducha.<\/p>\n<p>Su posici\u00f3n estrat\u00e9gica permite visitar f\u00e1cilmente a los principales lugares de inter\u00e9s: el <strong>Teatro La Fenice<\/strong>, las <strong>Galer\u00edas de la Academia<\/strong>, la galer\u00eda <strong>Peggy Guggenheim<\/strong>, la famosa Via XXII Marzo, la Punta della Dogana, el Palacio Grassi, la iglesia secular de la <strong>Virgen de la Salud<\/strong> y los muchos otros lugares de inter\u00e9s que ofrece la ciudad de Venecia.<\/p>\n<p><strong>Su excelente posici\u00f3n<\/strong> permite utilizar el transporte p\u00fablico con gran comodidad para desplazarse a los distintos puntos de la ciudad en muy poco tiempo, ya que la parada de San Marco Vallaresso o Giardinetti est\u00e1 a solo unos pasos.<\/p>\n","protected":false},"excerpt":{"rendered":"<p>La Residenza Ducato Contarina es un apartamento situado fuera del edificio, a pocos pasos de la plaza San Marcos y del distrito de la moda. Se ha reestructurado con elegancia y se encuentra en el primer piso, que dispone de entrada independiente. Cuenta con dos dormitorios, sala de estar, cocina totalmente equipada y ba\u00f1o con [&hellip;]<\/p>\n","protected":false},"author":4,"featured_media":0,"parent":0,"menu_order":30,"comment_status":"closed","ping_status":"closed","template":"template-single-room.php","meta":{"footnotes":""},"class_list":["post-514","page","type-page","status-publish","hentry"],"yoast_head":"<!-- This site is optimized with the Yoast SEO plugin v26.9 - https:\/\/yoast.com\/product\/yoast-seo-wordpress\/ -->\n<title>Corte Contarina - Residenza Ducato Venezia<\/title>\n<meta name=\"robots\" content=\"index, follow, max-snippet:-1, max-image-preview:large, max-video-preview:-1\" \/>\n<link rel=\"canonical\" href=\"https:\/\/www.residenzaducato.it\/es\/corte-contarina\/\" \/>\n<meta property=\"og:locale\" content=\"es_ES\" \/>\n<meta property=\"og:type\" content=\"article\" \/>\n<meta property=\"og:title\" content=\"Corte Contarina - Residenza Ducato Venezia\" \/>\n<meta property=\"og:description\" content=\"La Residenza Ducato Contarina es un apartamento situado fuera del edificio, a pocos pasos de la plaza San Marcos y del distrito de la moda. Se ha reestructurado con elegancia y se encuentra en el primer piso, que dispone de entrada independiente. Cuenta con dos dormitorios, sala de estar, cocina totalmente equipada y ba\u00f1o con [&hellip;]\" \/>\n<meta property=\"og:url\" content=\"https:\/\/www.residenzaducato.it\/es\/corte-contarina\/\" \/>\n<meta property=\"og:site_name\" content=\"Residenza Ducato Venezia\" \/>\n<meta property=\"article:modified_time\" content=\"2019-10-14T11:50:59+00:00\" \/>\n<meta name=\"twitter:card\" content=\"summary_large_image\" \/>\n<meta name=\"twitter:label1\" content=\"Tiempo de lectura\" \/>\n\t<meta name=\"twitter:data1\" content=\"1 minuto\" \/>\n<script type=\"application\/ld+json\" class=\"yoast-schema-graph\">{\"@context\":\"https:\/\/schema.org\",\"@graph\":[{\"@type\":\"WebPage\",\"@id\":\"https:\/\/www.residenzaducato.it\/es\/corte-contarina\/\",\"url\":\"https:\/\/www.residenzaducato.it\/es\/corte-contarina\/\",\"name\":\"Corte Contarina - Residenza Ducato Venezia\",\"isPartOf\":{\"@id\":\"https:\/\/www.residenzaducato.it\/es\/#website\"},\"datePublished\":\"2019-10-14T11:50:43+00:00\",\"dateModified\":\"2019-10-14T11:50:59+00:00\",\"breadcrumb\":{\"@id\":\"https:\/\/www.residenzaducato.it\/es\/corte-contarina\/#breadcrumb\"},\"inLanguage\":\"es\",\"potentialAction\":[{\"@type\":\"ReadAction\",\"target\":[\"https:\/\/www.residenzaducato.it\/es\/corte-contarina\/\"]}]},{\"@type\":\"BreadcrumbList\",\"@id\":\"https:\/\/www.residenzaducato.it\/es\/corte-contarina\/#breadcrumb\",\"itemListElement\":[{\"@type\":\"ListItem\",\"position\":1,\"name\":\"Home\",\"item\":\"https:\/\/www.residenzaducato.it\/es\/\"},{\"@type\":\"ListItem\",\"position\":2,\"name\":\"Corte Contarina\"}]},{\"@type\":\"WebSite\",\"@id\":\"https:\/\/www.residenzaducato.it\/es\/#website\",\"url\":\"https:\/\/www.residenzaducato.it\/es\/\",\"name\":\"Residenza Ducato Venezia\",\"description\":\"Just another ms.decms.eu site\",\"potentialAction\":[{\"@type\":\"SearchAction\",\"target\":{\"@type\":\"EntryPoint\",\"urlTemplate\":\"https:\/\/www.residenzaducato.it\/es\/?s={search_term_string}\"},\"query-input\":{\"@type\":\"PropertyValueSpecification\",\"valueRequired\":true,\"valueName\":\"search_term_string\"}}],\"inLanguage\":\"es\"}]}<\/script>\n<!-- \/ Yoast SEO plugin. -->","yoast_head_json":{"title":"Corte Contarina - Residenza Ducato Venezia","robots":{"index":"index","follow":"follow","max-snippet":"max-snippet:-1","max-image-preview":"max-image-preview:large","max-video-preview":"max-video-preview:-1"},"canonical":"https:\/\/www.residenzaducato.it\/es\/corte-contarina\/","og_locale":"es_ES","og_type":"article","og_title":"Corte Contarina - Residenza Ducato Venezia","og_description":"La Residenza Ducato Contarina es un apartamento situado fuera del edificio, a pocos pasos de la plaza San Marcos y del distrito de la moda. Se ha reestructurado con elegancia y se encuentra en el primer piso, que dispone de entrada independiente. Cuenta con dos dormitorios, sala de estar, cocina totalmente equipada y ba\u00f1o con [&hellip;]","og_url":"https:\/\/www.residenzaducato.it\/es\/corte-contarina\/","og_site_name":"Residenza Ducato Venezia","article_modified_time":"2019-10-14T11:50:59+00:00","twitter_card":"summary_large_image","twitter_misc":{"Tiempo de lectura":"1 minuto"},"schema":{"@context":"https:\/\/schema.org","@graph":[{"@type":"WebPage","@id":"https:\/\/www.residenzaducato.it\/es\/corte-contarina\/","url":"https:\/\/www.residenzaducato.it\/es\/corte-contarina\/","name":"Corte Contarina - Residenza Ducato Venezia","isPartOf":{"@id":"https:\/\/www.residenzaducato.it\/es\/#website"},"datePublished":"2019-10-14T11:50:43+00:00","dateModified":"2019-10-14T11:50:59+00:00","breadcrumb":{"@id":"https:\/\/www.residenzaducato.it\/es\/corte-contarina\/#breadcrumb"},"inLanguage":"es","potentialAction":[{"@type":"ReadAction","target":["https:\/\/www.residenzaducato.it\/es\/corte-contarina\/"]}]},{"@type":"BreadcrumbList","@id":"https:\/\/www.residenzaducato.it\/es\/corte-contarina\/#breadcrumb","itemListElement":[{"@type":"ListItem","position":1,"name":"Home","item":"https:\/\/www.residenzaducato.it\/es\/"},{"@type":"ListItem","position":2,"name":"Corte Contarina"}]},{"@type":"WebSite","@id":"https:\/\/www.residenzaducato.it\/es\/#website","url":"https:\/\/www.residenzaducato.it\/es\/","name":"Residenza Ducato Venezia","description":"Just another ms.decms.eu site","potentialAction":[{"@type":"SearchAction","target":{"@type":"EntryPoint","urlTemplate":"https:\/\/www.residenzaducato.it\/es\/?s={search_term_string}"},"query-input":{"@type":"PropertyValueSpecification","valueRequired":true,"valueName":"search_term_string"}}],"inLanguage":"es"}]}},"acf":[],"_links":{"self":[{"href":"https:\/\/www.residenzaducato.it\/es\/wp-json\/wp\/v2\/pages\/514","targetHints":{"allow":["GET"]}}],"collection":[{"href":"https:\/\/www.residenzaducato.it\/es\/wp-json\/wp\/v2\/pages"}],"about":[{"href":"https:\/\/www.residenzaducato.it\/es\/wp-json\/wp\/v2\/types\/page"}],"author":[{"embeddable":true,"href":"https:\/\/www.residenzaducato.it\/es\/wp-json\/wp\/v2\/users\/4"}],"replies":[{"embeddable":true,"href":"https:\/\/www.residenzaducato.it\/es\/wp-json\/wp\/v2\/comments?post=514"}],"version-history":[{"count":0,"href":"https:\/\/www.residenzaducato.it\/es\/wp-json\/wp\/v2\/pages\/514\/revisions"}],"wp:attachment":[{"href":"https:\/\/www.residenzaducato.it\/es\/wp-json\/wp\/v2\/media?parent=514"}],"curies":[{"name":"wp","href":"https:\/\/api.w.org\/{rel}","templated":true}]}}