{"id":516,"date":"2019-10-14T11:53:20","date_gmt":"2019-10-14T11:53:20","guid":{"rendered":"https:\/\/www.residenzaducato.it\/?page_id=516"},"modified":"2019-10-14T14:18:38","modified_gmt":"2019-10-14T14:18:38","slug":"ubicacion","status":"publish","type":"page","link":"https:\/\/www.residenzaducato.it\/es\/ubicacion\/","title":{"rendered":"Ubicaci\u00f3n"},"content":{"rendered":"<p>Residenza Ducato se encuentra en n.\u00ba 4283 de la calle delle Locande, <strong>en el distrito de San Marcos<\/strong>, muy cerca de la Scala Contarini \u00abdel Bovolo\u00bb, un rinc\u00f3n \u00aboculto\u00bb de Venecia entre los m\u00e1s visitados.<\/p>\n<p><strong>La excelente ubicaci\u00f3n del establecimiento<\/strong> ofrece la oportunidad de elegir cada d\u00eda un nuevo itinerario para descubrir tanto las zonas m\u00e1s famosas como las m\u00e1s rec\u00f3nditas o secretas y as\u00ed disfrutar del encanto de una ciudad \u00fanica en el mundo.<\/p>\n<p><strong>El servicio de taxi acu\u00e1tico privado para los traslados tambi\u00e9n se puede reservar a trav\u00e9s de nosotros.<\/strong><\/p>\n","protected":false},"excerpt":{"rendered":"<p>Residenza Ducato se encuentra en n.\u00ba 4283 de la calle delle Locande, en el distrito de San Marcos, muy cerca de la Scala Contarini \u00abdel Bovolo\u00bb, un rinc\u00f3n \u00aboculto\u00bb de Venecia entre los m\u00e1s visitados. La excelente ubicaci\u00f3n del establecimiento ofrece la oportunidad de elegir cada d\u00eda un nuevo itinerario para descubrir tanto las zonas [&hellip;]<\/p>\n","protected":false},"author":4,"featured_media":0,"parent":0,"menu_order":50,"comment_status":"closed","ping_status":"closed","template":"template-location.php","meta":{"footnotes":""},"class_list":["post-516","page","type-page","status-publish","hentry"],"yoast_head":"<!-- This site is optimized with the Yoast SEO plugin v26.9 - https:\/\/yoast.com\/product\/yoast-seo-wordpress\/ -->\n<title>Ubicaci\u00f3n - Residenza Ducato Venezia<\/title>\n<meta name=\"robots\" content=\"index, follow, max-snippet:-1, max-image-preview:large, max-video-preview:-1\" \/>\n<link rel=\"canonical\" href=\"https:\/\/www.residenzaducato.it\/es\/ubicacion\/\" \/>\n<meta property=\"og:locale\" content=\"es_ES\" \/>\n<meta property=\"og:type\" content=\"article\" \/>\n<meta property=\"og:title\" content=\"Ubicaci\u00f3n - Residenza Ducato Venezia\" \/>\n<meta property=\"og:description\" content=\"Residenza Ducato se encuentra en n.\u00ba 4283 de la calle delle Locande, en el distrito de San Marcos, muy cerca de la Scala Contarini \u00abdel Bovolo\u00bb, un rinc\u00f3n \u00aboculto\u00bb de Venecia entre los m\u00e1s visitados. La excelente ubicaci\u00f3n del establecimiento ofrece la oportunidad de elegir cada d\u00eda un nuevo itinerario para descubrir tanto las zonas [&hellip;]\" \/>\n<meta property=\"og:url\" content=\"https:\/\/www.residenzaducato.it\/es\/ubicacion\/\" \/>\n<meta property=\"og:site_name\" content=\"Residenza Ducato Venezia\" \/>\n<meta property=\"article:modified_time\" content=\"2019-10-14T14:18:38+00:00\" \/>\n<meta name=\"twitter:card\" content=\"summary_large_image\" \/>\n<meta name=\"twitter:label1\" content=\"Tiempo de lectura\" \/>\n\t<meta name=\"twitter:data1\" content=\"1 minuto\" \/>\n<script type=\"application\/ld+json\" class=\"yoast-schema-graph\">{\"@context\":\"https:\/\/schema.org\",\"@graph\":[{\"@type\":\"WebPage\",\"@id\":\"https:\/\/www.residenzaducato.it\/es\/ubicacion\/\",\"url\":\"https:\/\/www.residenzaducato.it\/es\/ubicacion\/\",\"name\":\"Ubicaci\u00f3n - Residenza Ducato Venezia\",\"isPartOf\":{\"@id\":\"https:\/\/www.residenzaducato.it\/es\/#website\"},\"datePublished\":\"2019-10-14T11:53:20+00:00\",\"dateModified\":\"2019-10-14T14:18:38+00:00\",\"breadcrumb\":{\"@id\":\"https:\/\/www.residenzaducato.it\/es\/ubicacion\/#breadcrumb\"},\"inLanguage\":\"es\",\"potentialAction\":[{\"@type\":\"ReadAction\",\"target\":[\"https:\/\/www.residenzaducato.it\/es\/ubicacion\/\"]}]},{\"@type\":\"BreadcrumbList\",\"@id\":\"https:\/\/www.residenzaducato.it\/es\/ubicacion\/#breadcrumb\",\"itemListElement\":[{\"@type\":\"ListItem\",\"position\":1,\"name\":\"Home\",\"item\":\"https:\/\/www.residenzaducato.it\/es\/\"},{\"@type\":\"ListItem\",\"position\":2,\"name\":\"Ubicaci\u00f3n\"}]},{\"@type\":\"WebSite\",\"@id\":\"https:\/\/www.residenzaducato.it\/es\/#website\",\"url\":\"https:\/\/www.residenzaducato.it\/es\/\",\"name\":\"Residenza Ducato Venezia\",\"description\":\"Just another ms.decms.eu site\",\"potentialAction\":[{\"@type\":\"SearchAction\",\"target\":{\"@type\":\"EntryPoint\",\"urlTemplate\":\"https:\/\/www.residenzaducato.it\/es\/?s={search_term_string}\"},\"query-input\":{\"@type\":\"PropertyValueSpecification\",\"valueRequired\":true,\"valueName\":\"search_term_string\"}}],\"inLanguage\":\"es\"}]}<\/script>\n<!-- \/ Yoast SEO plugin. -->","yoast_head_json":{"title":"Ubicaci\u00f3n - Residenza Ducato Venezia","robots":{"index":"index","follow":"follow","max-snippet":"max-snippet:-1","max-image-preview":"max-image-preview:large","max-video-preview":"max-video-preview:-1"},"canonical":"https:\/\/www.residenzaducato.it\/es\/ubicacion\/","og_locale":"es_ES","og_type":"article","og_title":"Ubicaci\u00f3n - Residenza Ducato Venezia","og_description":"Residenza Ducato se encuentra en n.\u00ba 4283 de la calle delle Locande, en el distrito de San Marcos, muy cerca de la Scala Contarini \u00abdel Bovolo\u00bb, un rinc\u00f3n \u00aboculto\u00bb de Venecia entre los m\u00e1s visitados. La excelente ubicaci\u00f3n del establecimiento ofrece la oportunidad de elegir cada d\u00eda un nuevo itinerario para descubrir tanto las zonas [&hellip;]","og_url":"https:\/\/www.residenzaducato.it\/es\/ubicacion\/","og_site_name":"Residenza Ducato Venezia","article_modified_time":"2019-10-14T14:18:38+00:00","twitter_card":"summary_large_image","twitter_misc":{"Tiempo de lectura":"1 minuto"},"schema":{"@context":"https:\/\/schema.org","@graph":[{"@type":"WebPage","@id":"https:\/\/www.residenzaducato.it\/es\/ubicacion\/","url":"https:\/\/www.residenzaducato.it\/es\/ubicacion\/","name":"Ubicaci\u00f3n - Residenza Ducato Venezia","isPartOf":{"@id":"https:\/\/www.residenzaducato.it\/es\/#website"},"datePublished":"2019-10-14T11:53:20+00:00","dateModified":"2019-10-14T14:18:38+00:00","breadcrumb":{"@id":"https:\/\/www.residenzaducato.it\/es\/ubicacion\/#breadcrumb"},"inLanguage":"es","potentialAction":[{"@type":"ReadAction","target":["https:\/\/www.residenzaducato.it\/es\/ubicacion\/"]}]},{"@type":"BreadcrumbList","@id":"https:\/\/www.residenzaducato.it\/es\/ubicacion\/#breadcrumb","itemListElement":[{"@type":"ListItem","position":1,"name":"Home","item":"https:\/\/www.residenzaducato.it\/es\/"},{"@type":"ListItem","position":2,"name":"Ubicaci\u00f3n"}]},{"@type":"WebSite","@id":"https:\/\/www.residenzaducato.it\/es\/#website","url":"https:\/\/www.residenzaducato.it\/es\/","name":"Residenza Ducato Venezia","description":"Just another ms.decms.eu site","potentialAction":[{"@type":"SearchAction","target":{"@type":"EntryPoint","urlTemplate":"https:\/\/www.residenzaducato.it\/es\/?s={search_term_string}"},"query-input":{"@type":"PropertyValueSpecification","valueRequired":true,"valueName":"search_term_string"}}],"inLanguage":"es"}]}},"acf":[],"_links":{"self":[{"href":"https:\/\/www.residenzaducato.it\/es\/wp-json\/wp\/v2\/pages\/516","targetHints":{"allow":["GET"]}}],"collection":[{"href":"https:\/\/www.residenzaducato.it\/es\/wp-json\/wp\/v2\/pages"}],"about":[{"href":"https:\/\/www.residenzaducato.it\/es\/wp-json\/wp\/v2\/types\/page"}],"author":[{"embeddable":true,"href":"https:\/\/www.residenzaducato.it\/es\/wp-json\/wp\/v2\/users\/4"}],"replies":[{"embeddable":true,"href":"https:\/\/www.residenzaducato.it\/es\/wp-json\/wp\/v2\/comments?post=516"}],"version-history":[{"count":0,"href":"https:\/\/www.residenzaducato.it\/es\/wp-json\/wp\/v2\/pages\/516\/revisions"}],"wp:attachment":[{"href":"https:\/\/www.residenzaducato.it\/es\/wp-json\/wp\/v2\/media?parent=516"}],"curies":[{"name":"wp","href":"https:\/\/api.w.org\/{rel}","templated":true}]}}