{"id":619,"date":"2022-11-09T09:37:44","date_gmt":"2022-11-09T09:37:44","guid":{"rendered":"https:\/\/www.residenzaducato.it\/?page_id=619"},"modified":"2022-11-10T14:37:18","modified_gmt":"2022-11-10T14:37:18","slug":"cookies-y-preferencias","status":"publish","type":"page","link":"https:\/\/www.residenzaducato.it\/es\/cookies-y-preferencias\/","title":{"rendered":"Cookies y preferencias"},"content":{"rendered":"<p>POL\u00cdTICA DE <i>COOKIES<\/i> Y PREFERENCIAS<\/p>\n<p><b>C\u00f3mo utiliza las<\/b> <b><i>cookies<\/i><\/b><b>el hotel<\/b> Residenza Ducato Appartamenti Luxury a Venezia<\/p>\n<p>Le informamos de que el hotel Residenza Ducato Appartamenti Luxury a Venezia utiliza <i>cookies<\/i> u otros marcadores en su sitio web <a href=\"https:\/\/www.residenzaducato.it\/\" target=\"_blank\" rel=\"noopener\">https:\/\/www.residenzaducato.it\/<\/a><\/p>\n<p>Estos marcadores se podr\u00e1n instalar en su dispositivo en funci\u00f3n de las preferencias que haya indicado o quiera indicar en cualquier momento de conformidad con la presente pol\u00edtica.<\/p>\n<ul>\n<li><b>\u00bfPor qu\u00e9 es necesaria una pol\u00edtica de <\/b><b><i>cookies<\/i><\/b><b>?<\/b><\/li>\n<\/ul>\n<p>Con el objetivo de ofrecer informaci\u00f3n y garantizar la transparencia, el hotel Residenza Ducato Appartamenti Luxury a Venezia ha creado esta pol\u00edtica para que pueda obtener m\u00e1s informaci\u00f3n sobre lo siguiente:<\/p>\n<ul>\n<li>El origen y prop\u00f3sito de la informaci\u00f3n procesada al navegar en <a href=\"https:\/\/www.residenzaducato.it\/\" target=\"_blank\" rel=\"noopener\">https:\/\/www.residenzaducato.it\/<\/a><\/li>\n<li>Sus derechos en relaci\u00f3n con las <i>cookies<\/i> y otros marcadores que utiliza Residenza Ducato Appartamenti Luxury a Venezia<\/li>\n<\/ul>\n<ul>\n<li><b>\u00bfQu\u00e9 es una <\/b><b><i>cookie<\/i><\/b><b>?<\/b><\/li>\n<\/ul>\n<p>Las <i>cookies<\/i> y dem\u00e1s marcadores similares son paquetes de datos que utilizan los servidores para enviar informaci\u00f3n de estado al navegador de un usuario y devolver dicha informaci\u00f3n al servidor original a trav\u00e9s del mismo navegador.<br \/>\nLa informaci\u00f3n de estado puede ser un identificador de sesi\u00f3n, un idioma, una fecha de caducidad, un campo de respuesta u otro tipo de informaci\u00f3n.<br \/>\nDurante el periodo en que est\u00e1n en vigor, las <i>cookies <\/i>se utilizan para almacenar informaci\u00f3n sobre estado cuando un navegador accede a distintas p\u00e1ginas de un sitio web o vuelve al sitio web con posterioridad.<\/p>\n<p>Existen distintos tipos de <i>cookies<\/i>:<\/p>\n<ul>\n<li><i>Cookies<\/i> de sesi\u00f3n, que se eliminan en cuanto se sale del navegador o del sitio web.<\/li>\n<li><i>Cookies<\/i> persistentes, que permanecen en el dispositivo hasta que caducan o hasta que el usuario las borra a trav\u00e9s de las funciones del navegador.<\/li>\n<\/ul>\n<div id=\"macaron_inline_cookie_box\"><\/div>\n<ul>\n<li><b>\u00bfPor qu\u00e9 utilizamos <\/b><b><i>cookies<\/i><\/b><b>?<\/b><\/li>\n<\/ul>\n<p>Empleamos <i>cookies <\/i> y otros marcadores principalmente con los siguientes fines:<\/p>\n<p><i>Cookies estrictamente necesarias para navegar por<\/i> <a href=\"https:\/\/www.residenzaducato.it\/\" target=\"_blank\" rel=\"noopener\">https:\/\/www.residenzaducato.it\/<\/a> <i>y utilizar todas sus funciones, cuyo objetivo concreto es:<\/i><\/p>\n<ul>\n<li>Gestionar la autenticaci\u00f3n de los visitantes del sitio web y las medidas de seguridad asociadas, y garantizar un funcionamiento correcto del m\u00f3dulo de autenticaci\u00f3n.<\/li>\n<li>Optimizar la experiencia del usuario y facilitar la navegaci\u00f3n, en concreto al establecer las \u00abrutas t\u00e9cnicas\u00bb de navegaci\u00f3n.<\/li>\n<li>Almacenar informaci\u00f3n relativa al <i>banner <\/i>con informaci\u00f3n sobre <i>cookies <\/i>que ven los visitantes de los sitios web que siguen en el sitio web tras aceptar las <i>cookies <\/i>en su dispositivo.<\/li>\n<li>Implementar medidas de seguridad (por ejemplo, cuando se le solicita que vuelva a iniciar sesi\u00f3n para acceder a contenidos o a un servicio tras un cierto tiempo, o para garantizar el funcionamiento b\u00e1sico de <a href=\"https:\/\/www.residenzaducato.it\/\" target=\"_blank\" rel=\"noopener\">https:\/\/www.residenzaducato.it\/<\/a> y utilizar sus principales caracter\u00edsticas t\u00e9cnicas, como la supervisi\u00f3n del rendimiento y los errores de navegaci\u00f3n, la gesti\u00f3n de las sesiones de usuario, etc.).<\/li>\n<\/ul>\n<p><i>Cookies para funciones, cuyo objetivo concreto es: <\/i><\/p>\n<ul>\n<li>Adaptar https:\/\/www.residenzaducato.it\/ a las preferencias de visualizaci\u00f3n de su dispositivo (idioma, divisa, resoluci\u00f3n de pantalla, sistema operativo utilizado, configuraci\u00f3n y ajustes de visualizaci\u00f3n de las p\u00e1ginas web en funci\u00f3n del dispositivo empleado y su ubicaci\u00f3n, etc.).<\/li>\n<li>Almacenar la informaci\u00f3n espec\u00edfica que introduzca en https:\/\/www.residenzaducato.it\/ para facilitar y personalizar las visitas posteriores (incluida la visualizaci\u00f3n del nombre y apellidos del visitante si este tiene una cuenta de usuario).<\/li>\n<li>Permitirle acceder a sus p\u00e1ginas personales m\u00e1s r\u00e1pido almacenando los detalles de inicio de sesi\u00f3n o informaci\u00f3n que haya introducido previamente.<\/li>\n<\/ul>\n<p>Cookies para el seguimiento de los visitantes, cuyo objetivo es que los usuarios disfruten de una experiencia de navegaci\u00f3n m\u00e1s c\u00f3moda, al ayudarnos a comprender sus interacciones con <a href=\"https:\/\/www.residenzaducato.it\/\" target=\"_blank\" rel=\"noopener\">https:\/\/www.residenzaducato.it\/<\/a> (p\u00e1ginas m\u00e1s visitadas, aplicaciones utilizadas, etc.). Estas cookies pueden recopilar datos estad\u00edsticos o probar modos distintos de visualizar la informaci\u00f3n para mejorar la relevancia y usabilidad de nuestros servicios.<\/p>\n<p>Cookies publicitarias, cuyo objetivo es (i) ofrecerle contenidos espec\u00edficos relevantes a trav\u00e9s de espacios publicitarios que puedan resultarle interesantes (las mejores ofertas, otros destinos, etc.) en funci\u00f3n de sus intereses, comportamiento de navegaci\u00f3n, preferencias y otros factores, y (ii) reducir el n\u00famero de veces que aparecen los anuncios.<\/p>\n<p>Cookies de afiliaci\u00f3n, cuyo objetivo es identificar el sitio web externo que ha redirigido al visitante <a href=\"https:\/\/www.residenzaducato.it\/\" target=\"_blank\" rel=\"noopener\">https:\/\/www.residenzaducato.it\/<\/a><\/p>\n<p>Cookies de redes sociales, establecidas por terceros, cuyo objetivo es compartir su opini\u00f3n y contenidos de <a href=\"https:\/\/www.residenzaducato.it\/\" target=\"_blank\" rel=\"noopener\">https:\/\/www.residenzaducato.it\/<\/a> en las redes sociales (por ejemplo, los botones \u00abCompartir\u00bb o \u00abMe gusta\u00bb de aplicaciones).<\/p>\n<p>Como se menciona anteriormente, en algunos casos las aplicaciones de redes sociales en https:\/\/www.residenzaducato.it\/ pueden permitir que dichas redes le identifiquen, incluso si no ha hecho clic en el bot\u00f3n de la aplicaci\u00f3n. Este tipo de bot\u00f3n puede permitir a las redes sociales realizar un seguimiento de su actividad de navegaci\u00f3n en <a href=\"https:\/\/www.residenzaducato.it\/\" target=\"_blank\" rel=\"noopener\">https:\/\/www.residenzaducato.it\/<\/a> , simplemente por el hecho de que la cuenta en cuesti\u00f3n est\u00e9 habilitada en su dispositivo (sesi\u00f3n abierta) mientras navega.<\/p>\n<p>Le recomendamos que lea las pol\u00edticas de estas redes sociales para familiarizarse con la forma en que utilizan la informaci\u00f3n sobre navegaci\u00f3n recopilada, en especial en relaci\u00f3n con la publicidad. Estas pol\u00edticas deben permitirle espec\u00edficamente tomar decisiones sobre las redes sociales, en concreto mediante la configuraci\u00f3n de las cuentas de usuario en cada una de ellas.<\/p>\n<ul>\n<li><b>Consentimiento<\/b><\/li>\n<\/ul>\n<p>La instalaci\u00f3n de determinadas <i>cookies <\/i>depende de su consentimiento. Adem\u00e1s, la primera vez que visite <a href=\"https:\/\/www.residenzaducato.it\/\" target=\"_blank\" rel=\"noopener\">https:\/\/www.residenzaducato.it\/<\/a> se le preguntar\u00e1 si est\u00e1 de acuerdo en que se instalen este tipo de <i>cookies <\/i>, que solo se activar\u00e1n cuando acepte la notificaci\u00f3n.<\/p>\n<p>Este proceso se lleva a cabo a trav\u00e9s un <i>banner <\/i>informativo en la p\u00e1gina de inicio de <a href=\"https:\/\/www.residenzaducato.it\/\" target=\"_blank\" rel=\"noopener\">https:\/\/www.residenzaducato.it\/<\/a>, en el cual se le informa de que, al seguir navegando, acepta que se instalen en su dispositivo <i>cookies <\/i>que exigen su consentimiento.<\/p>\n<p>Puede cambiar de opini\u00f3n en cualquier momento mediante los diversos m\u00e9todos descritos en la secci\u00f3n \u00abEliminar o bloquear <i>cookies <\/i>\u00bb.<\/p>\n<ul>\n<li><b>Eliminar o bloquear <\/b><b><i>cookies<\/i><\/b><\/li>\n<\/ul>\n<p>El usuario dispone de varias opciones para eliminar las <i>cookies <\/i>y dem\u00e1s marcadores.<\/p>\n<p><b>Configuraci\u00f3n del navegador<\/b><\/p>\n<p>Aunque la mayor\u00eda de navegadores est\u00e1n configurados para aceptar <i>cookies <\/i>de forma predeterminada, si lo desea puede elegir entre aceptar todas las <i>cookies <\/i>, bloquearlas siempre o seleccionar cu\u00e1les aceptar en funci\u00f3n del remitente.<\/p>\n<p>Tambi\u00e9n puede configurar el navegador para aceptar o bloquear <i>cookies <\/i>de forma individual antes de su instalaci\u00f3n. El navegador tambi\u00e9n le permite eliminar <i>cookies <\/i>de su dispositivo con regularidad. No olvide configurar todos los navegadores de sus distintos dispositivos ( <i>tablets <\/i>, <i>smartphones <\/i>, ordenadores, etc.).<\/p>\n<p>La configuraci\u00f3n relativa a gesti\u00f3n de <i>cookies <\/i>y sus preferencias var\u00eda en cada navegador. Esta se indica en el men\u00fa de ayuda del mismo y en \u00e9l tambi\u00e9n se especifica c\u00f3mo editar sus preferencias en materia de <i>cookies <\/i>. Por ejemplo:<\/p>\n<ul>\n<li>Para Microsoft\u00a0Edge\u2122:<br \/>\n<a href=\"https:\/\/support.microsoft.com\/en-us\/windows\/microsoft-edge-browsing-data-and-privacy-bb8174ba-9d73-dcf2-9b4a-c582b4e640dd\">https:\/\/support.microsoft.com\/es-es\/windows\/microsoft-edge-datos-de-exploraci%C3%B3n-y-privacidad-bb8174ba-9d73-dcf2-9b4a-c582b4e640dd <\/a><\/li>\n<li>Para Safari\u2122: <a href=\"https:\/\/support.apple.com\/guide\/safari\/manage-cookies-and-website-data-sfri11471\/mac\">https:\/\/support.apple.com\/es-es\/guide\/safari\/sfri11471\/mac <\/a><\/li>\n<li>Para Chrome\u2122:<br \/>\nhttps:\/\/support.google.com\/chrome\/answer\/95647<\/li>\n<li>Para Firefox\u2122: <a href=\"https:\/\/support.mozilla.org\/en-US\/kb\/enable-and-disable-cookies-website-preferences\"><br \/>\n<\/a><a href=\"https:\/\/support.mozilla.org\/en-US\/kb\/block-websites-storing-cookies-site-data-firefox\">https:\/\/support.mozilla.org\/es\/kb\/impedir-que-los-sitios-web-guarden-sus-preferencia <\/a><\/li>\n<li>Para Opera\u2122:<br \/>\n<a href=\"https:\/\/help.opera.com\/en\/latest\/web-preferences\/#cookies\"> https:\/\/help.opera.com\/en\/latest\/web-preferences\/#cookies <\/a><\/li>\n<\/ul>\n<p>El almacenamiento de <i>cookies <\/i>en el dispositivo depende del usuario, que podr\u00e1 cambiar de opini\u00f3n en cualquier momento y sin coste alguno a trav\u00e9s de los ajustes del software del navegador.<\/p>\n<p>Si el navegador est\u00e1 configurado para aceptar <i>cookies <\/i>en su dispositivo, las <i>cookies <\/i>incrustadas en las p\u00e1ginas y contenidos que vea se almacenar\u00e1n temporalmente en un lugar espec\u00edfico de su dispositivo. Solo el emisor podr\u00e1 leerlas.<\/p>\n<p>Sin embargo, puede configurar el navegador para que bloquee las <i>cookies <\/i>. Tenga en cuenta que si lo hace, no podr\u00e1 acceder a algunas funciones, p\u00e1ginas y espacios de <a href=\"https:\/\/www.residenzaducato.it\/\" target=\"_blank\" rel=\"noopener\">https:\/\/www.residenzaducato.it\/<\/a> y, en tal situaci\u00f3n, no se nos podr\u00e1 considerar responsables.<\/p>\n<p><b>Plataformas publicitarias especializadas<\/b><\/p>\n<p>Diversas plataformas publicitarias profesionales tambi\u00e9n le dan la opci\u00f3n de aceptar o bloquear las <i>cookies <\/i>que utilizan sus empresas asociadas. Estos mecanismos centralizados no bloquean la visualizaci\u00f3n de anuncios; solo evitan la instalaci\u00f3n de <i>cookies <\/i>que adapten los anuncios a sus intereses.<\/p>\n<p>Por ejemplo, puede visitar el sitio web <a href=\"http:\/\/www.youronlinechoices.com\/\"> http:\/\/www.youronlinechoices.com <\/a> para prohibir que se instalen estas <i>cookies <\/i>en su dispositivo. Este sitio web est\u00e1 creado por una serie de profesionales de la publicidad digital reunidos bajo la European Digital Advertising Alliance (EDAA, Alianza de publicidad digital europea) y lo gestiona la Interactive Advertising Bureau (Oficina de publicidad interactiva) de Francia desde dicho pa\u00eds.<\/p>\n","protected":false},"excerpt":{"rendered":"<p>POL\u00cdTICA DE COOKIES Y PREFERENCIAS C\u00f3mo utiliza las cookiesel hotel Residenza Ducato Appartamenti Luxury a Venezia Le informamos de que el hotel Residenza Ducato Appartamenti Luxury a Venezia utiliza cookies u otros marcadores en su sitio web https:\/\/www.residenzaducato.it\/ Estos marcadores se podr\u00e1n instalar en su dispositivo en funci\u00f3n de las preferencias que haya indicado o [&hellip;]<\/p>\n","protected":false},"author":7,"featured_media":0,"parent":0,"menu_order":100,"comment_status":"closed","ping_status":"closed","template":"","meta":{"footnotes":""},"class_list":["post-619","page","type-page","status-publish","hentry"],"yoast_head":"<!-- This site is optimized with the Yoast SEO plugin v26.9 - https:\/\/yoast.com\/product\/yoast-seo-wordpress\/ -->\n<title>Cookies y preferencias - Residenza Ducato Venezia<\/title>\n<meta name=\"robots\" content=\"index, follow, max-snippet:-1, max-image-preview:large, max-video-preview:-1\" \/>\n<link rel=\"canonical\" href=\"https:\/\/www.residenzaducato.it\/es\/cookies-y-preferencias\/\" \/>\n<meta property=\"og:locale\" content=\"es_ES\" \/>\n<meta property=\"og:type\" content=\"article\" \/>\n<meta property=\"og:title\" content=\"Cookies y preferencias - Residenza Ducato Venezia\" \/>\n<meta property=\"og:description\" content=\"POL\u00cdTICA DE COOKIES Y PREFERENCIAS C\u00f3mo utiliza las cookiesel hotel Residenza Ducato Appartamenti Luxury a Venezia Le informamos de que el hotel Residenza Ducato Appartamenti Luxury a Venezia utiliza cookies u otros marcadores en su sitio web https:\/\/www.residenzaducato.it\/ Estos marcadores se podr\u00e1n instalar en su dispositivo en funci\u00f3n de las preferencias que haya indicado o [&hellip;]\" \/>\n<meta property=\"og:url\" content=\"https:\/\/www.residenzaducato.it\/es\/cookies-y-preferencias\/\" \/>\n<meta property=\"og:site_name\" content=\"Residenza Ducato Venezia\" \/>\n<meta property=\"article:modified_time\" content=\"2022-11-10T14:37:18+00:00\" \/>\n<meta name=\"twitter:card\" content=\"summary_large_image\" \/>\n<meta name=\"twitter:label1\" content=\"Tiempo de lectura\" \/>\n\t<meta name=\"twitter:data1\" content=\"6 minutos\" \/>\n<script type=\"application\/ld+json\" class=\"yoast-schema-graph\">{\"@context\":\"https:\/\/schema.org\",\"@graph\":[{\"@type\":\"WebPage\",\"@id\":\"https:\/\/www.residenzaducato.it\/es\/cookies-y-preferencias\/\",\"url\":\"https:\/\/www.residenzaducato.it\/es\/cookies-y-preferencias\/\",\"name\":\"Cookies y preferencias - Residenza Ducato Venezia\",\"isPartOf\":{\"@id\":\"https:\/\/www.residenzaducato.it\/es\/#website\"},\"datePublished\":\"2022-11-09T09:37:44+00:00\",\"dateModified\":\"2022-11-10T14:37:18+00:00\",\"breadcrumb\":{\"@id\":\"https:\/\/www.residenzaducato.it\/es\/cookies-y-preferencias\/#breadcrumb\"},\"inLanguage\":\"es\",\"potentialAction\":[{\"@type\":\"ReadAction\",\"target\":[\"https:\/\/www.residenzaducato.it\/es\/cookies-y-preferencias\/\"]}]},{\"@type\":\"BreadcrumbList\",\"@id\":\"https:\/\/www.residenzaducato.it\/es\/cookies-y-preferencias\/#breadcrumb\",\"itemListElement\":[{\"@type\":\"ListItem\",\"position\":1,\"name\":\"Home\",\"item\":\"https:\/\/www.residenzaducato.it\/es\/\"},{\"@type\":\"ListItem\",\"position\":2,\"name\":\"Cookies y preferencias\"}]},{\"@type\":\"WebSite\",\"@id\":\"https:\/\/www.residenzaducato.it\/es\/#website\",\"url\":\"https:\/\/www.residenzaducato.it\/es\/\",\"name\":\"Residenza Ducato Venezia\",\"description\":\"Just another ms.decms.eu site\",\"potentialAction\":[{\"@type\":\"SearchAction\",\"target\":{\"@type\":\"EntryPoint\",\"urlTemplate\":\"https:\/\/www.residenzaducato.it\/es\/?s={search_term_string}\"},\"query-input\":{\"@type\":\"PropertyValueSpecification\",\"valueRequired\":true,\"valueName\":\"search_term_string\"}}],\"inLanguage\":\"es\"}]}<\/script>\n<!-- \/ Yoast SEO plugin. -->","yoast_head_json":{"title":"Cookies y preferencias - Residenza Ducato Venezia","robots":{"index":"index","follow":"follow","max-snippet":"max-snippet:-1","max-image-preview":"max-image-preview:large","max-video-preview":"max-video-preview:-1"},"canonical":"https:\/\/www.residenzaducato.it\/es\/cookies-y-preferencias\/","og_locale":"es_ES","og_type":"article","og_title":"Cookies y preferencias - Residenza Ducato Venezia","og_description":"POL\u00cdTICA DE COOKIES Y PREFERENCIAS C\u00f3mo utiliza las cookiesel hotel Residenza Ducato Appartamenti Luxury a Venezia Le informamos de que el hotel Residenza Ducato Appartamenti Luxury a Venezia utiliza cookies u otros marcadores en su sitio web https:\/\/www.residenzaducato.it\/ Estos marcadores se podr\u00e1n instalar en su dispositivo en funci\u00f3n de las preferencias que haya indicado o [&hellip;]","og_url":"https:\/\/www.residenzaducato.it\/es\/cookies-y-preferencias\/","og_site_name":"Residenza Ducato Venezia","article_modified_time":"2022-11-10T14:37:18+00:00","twitter_card":"summary_large_image","twitter_misc":{"Tiempo de lectura":"6 minutos"},"schema":{"@context":"https:\/\/schema.org","@graph":[{"@type":"WebPage","@id":"https:\/\/www.residenzaducato.it\/es\/cookies-y-preferencias\/","url":"https:\/\/www.residenzaducato.it\/es\/cookies-y-preferencias\/","name":"Cookies y preferencias - Residenza Ducato Venezia","isPartOf":{"@id":"https:\/\/www.residenzaducato.it\/es\/#website"},"datePublished":"2022-11-09T09:37:44+00:00","dateModified":"2022-11-10T14:37:18+00:00","breadcrumb":{"@id":"https:\/\/www.residenzaducato.it\/es\/cookies-y-preferencias\/#breadcrumb"},"inLanguage":"es","potentialAction":[{"@type":"ReadAction","target":["https:\/\/www.residenzaducato.it\/es\/cookies-y-preferencias\/"]}]},{"@type":"BreadcrumbList","@id":"https:\/\/www.residenzaducato.it\/es\/cookies-y-preferencias\/#breadcrumb","itemListElement":[{"@type":"ListItem","position":1,"name":"Home","item":"https:\/\/www.residenzaducato.it\/es\/"},{"@type":"ListItem","position":2,"name":"Cookies y preferencias"}]},{"@type":"WebSite","@id":"https:\/\/www.residenzaducato.it\/es\/#website","url":"https:\/\/www.residenzaducato.it\/es\/","name":"Residenza Ducato Venezia","description":"Just another ms.decms.eu site","potentialAction":[{"@type":"SearchAction","target":{"@type":"EntryPoint","urlTemplate":"https:\/\/www.residenzaducato.it\/es\/?s={search_term_string}"},"query-input":{"@type":"PropertyValueSpecification","valueRequired":true,"valueName":"search_term_string"}}],"inLanguage":"es"}]}},"acf":[],"_links":{"self":[{"href":"https:\/\/www.residenzaducato.it\/es\/wp-json\/wp\/v2\/pages\/619","targetHints":{"allow":["GET"]}}],"collection":[{"href":"https:\/\/www.residenzaducato.it\/es\/wp-json\/wp\/v2\/pages"}],"about":[{"href":"https:\/\/www.residenzaducato.it\/es\/wp-json\/wp\/v2\/types\/page"}],"author":[{"embeddable":true,"href":"https:\/\/www.residenzaducato.it\/es\/wp-json\/wp\/v2\/users\/7"}],"replies":[{"embeddable":true,"href":"https:\/\/www.residenzaducato.it\/es\/wp-json\/wp\/v2\/comments?post=619"}],"version-history":[{"count":0,"href":"https:\/\/www.residenzaducato.it\/es\/wp-json\/wp\/v2\/pages\/619\/revisions"}],"wp:attachment":[{"href":"https:\/\/www.residenzaducato.it\/es\/wp-json\/wp\/v2\/media?parent=619"}],"curies":[{"name":"wp","href":"https:\/\/api.w.org\/{rel}","templated":true}]}}