{"id":593,"date":"2019-10-14T15:34:40","date_gmt":"2019-10-14T15:34:40","guid":{"rendered":"https:\/\/www.residenzaducato.it\/?page_id=593"},"modified":"2019-10-14T15:34:40","modified_gmt":"2019-10-14T15:34:40","slug":"privacy","status":"publish","type":"page","link":"https:\/\/www.residenzaducato.it\/zh-hans\/privacy\/","title":{"rendered":"Privacy"},"content":{"rendered":"<p>I dati personali che l&#8217;Utente interessato comunicher\u00e0 navigando su questo sito web (www.residenzaducato.it ) saranno trattati con correttezza e trasparenza, per fini leciti e tutelando la sua riservatezza ed i suoi diritti nel rispetto della normativa comunitaria in materia di protezione dei dati personali (Reg. UE 2016\/679).<\/p>\n<p>Il presente documento non include i trattamenti svolti su altri siti web eventualmente consultabili dall&#8217;Interessato tramite link presenti sul Sito.<\/p>\n<p>I trattamenti verranno effettuati con le seguenti finalit\u00e0 e modalit\u00e0:<br \/>\n1. Titolare del trattamento.<br \/>\nAi sensi della normativa citata, il Titolare del trattamento \u00e8 la societ\u00e0 Ducato srl, con sede legale a Cannaregio 4438 , 30121 Venezia e sede operativa a San Marco 4283, 301241 Venezia, mail: info@residenzaducato.it<\/p>\n<p>2. Oggetto del trattamento.<br \/>\nl Titolare tratter\u00e0 i dati personali comunicati dall&#8217;Interessato compilando i form che si trovano nelle varie aree tematiche del Sito (nome, cognome, indirizzo, codice fiscale, e-mail, telefono e\/o cellulare, dati per il pagamento) unicamente per le finalit\u00e0 indicate alla presente informativa.<\/p>\n<p>3. Finalit\u00e0 e base giuridica del trattamento.<br \/>\nLe finalit\u00e0 del trattamento perseguite in linea generale dal Titolare possono riassumersi come segue:<br \/>\na) per consentire al Titolare di dare seguito ad un messaggio inviato dall&#8217;Interessato (sezione \u201cContatti\u201d); base giuridica: consenso dell&#8217;Interessato;<br \/>\nb) per consentire al Titolare di evadere una richiesta di prenotazione di una stanza inviata dall&#8217;Interessato; base giuridica: esecuzione del contratto di cui l&#8217;Interessato \u00e8 parte;<br \/>\nc) previo distinto e specifico consenso per consentire al Titolare di inviare al Cliente, newsletter informative e\/o offerte commerciali; base giuridica:<br \/>\nconsenso dell&#8217;Interessato.<\/p>\n<p>4. Categorie dei dati personali trattati.<br \/>\nI dati trattati saranno quelli, descritti al punto 2, strettamente necessari per le finalit\u00e0 richieste e\/o autorizzate.<\/p>\n<p>5. Destinatari od eventuali categorie di destinatari dei dati personali.<br \/>\nI dati forniti dall&#8217;Interessato saranno resi accessibili a:<br \/>\n\u2022 dipendenti e collaboratori del Titolare;<br \/>\n\u2022 uffici amministrativi ed istituti di credito;<br \/>\n\u2022 societ\u00e0 incaricate di prestare assistenza ai sistemi informativi del Titolare (rete informatica, sito web, ecc.);<br \/>\n\u2022 studi professionali con i quali il Titolare intrattiene rapporti in relazione all&#8217;adempimento degli obblighi in materia amministrativa, contabile, fiscale, legale, ecc.;<br \/>\n\u2022 societ\u00e0 che gestisce il pagamento elettronico.<\/p>\n<p>L&#8217;elenco dei predetti soggetti, che saranno individuati come responsabili esterni del trattamento, \u00e8 aggiornato costantemente dal Titolare e sar\u00e0 reso disponibile a qualunque Interessato dovesse farne richiesta.<\/p>\n<p>I dati non saranno diffusi e saranno trattati con modalit\u00e0 organizzative e logiche correlate agli scopi sopra specificati.<\/p>\n<p>6. Modalit\u00e0 di trattamento dei dati.<br \/>\nIl trattamento dei dati da parte delle strutture aziendali competenti avverr\u00e0 mediante strumenti idonei a garantire la sicurezza e la riservatezza e potr\u00e0 essere effettuato, oltre che con trumenti analogici, anche attraverso strumenti automatizzati (sia informatici che telematici) atti a memorizzare, gestire e trasmettere i dati stessi. La gestione e la conservazione dei dati<br \/>\npersonali avverr\u00e0 su server ubicati all\u2019interno dell\u2019UE del Titolare e\/o di societ\u00e0 terze incaricate e non verr\u00e0 effettuato alcun trasferimento degli stessi al di fuori del territorio dell\u2019Unione Europea.<\/p>\n<p>7. Periodo di conservazione.<br \/>\nIl Titolare tratterr\u00e0 i dati personali forniti il tempo necessario ad adempiere alle finalit\u00e0 sopra descritte ed in particolare:<br \/>\n\u2022 il nome, il cognome e l&#8217;indirizzo mail inserito nei form presenti nell&#8217;area \u201cContatti\u201d, previo consenso dell&#8217;Interessato, verranno conservati per il periodo massimo di 24 mesi al fine di inviare all&#8217;Interessato newsletter informative e\/o offerte commerciali;<br \/>\n\u2022 i dati comunicati in sede di prenotazione di una stanza (nome, cognome, indirizzo, codice fiscale, telefono e\/o cellulare, dati per il pagamento) saranno conservati con le tempistiche che seguono:<br \/>\na) la mail, il numero di telefono e\/o il numero di cellulare, saranno cancellati dopo trenta giorni dalla fine del soggiorno onde dare il tempo al Titolare di verificare che la stanza sia stata restituita in buone condizioni e per consentirgli di contattare l&#8217;Interessato in caso di necessit\u00e0;<br \/>\nb) i dati fiscali (nome, cognome, indirizzo e codice fiscale) saranno conservati per 10 anni cos\u00ec come imposto dalla legge;<br \/>\nc) i dati relativi al pagamento saranno conservati per il periodo strettamente necessario tenuto conto delle finalit\u00e0 sopra esposte e delle norme di legge in materia.<\/p>\n<p>8. Diritti dell\u2019interessato.<br \/>\nL&#8217;Interessato ha i seguenti diritti:<br \/>\na) diritto di accedere ai dati personali che lo riguardano (una volta avuta la conferma che i propri dati sono sottoposti ad un trattamento da parte del Titolare);<br \/>\nb) diritto di ottenere la rettifica e l\u2019integrazione dei propri dati;<br \/>\nc) diritto di ottenere la cancellazione dei dati personali che lo riguardano;<br \/>\nd) diritto di ottenere la limitazione del trattamento dei dati personali che lo riguardano;<br \/>\ne) diritto di ricevere i dati personali forniti al Titolare in un formato strutturato e di uso comune, ed a poterli trasmetterli a diverso titolare;<br \/>\nf) diritto di opporsi al trattamento dei dati personali qualora ricorrano motivi connessi alla sua situazione personale;<br \/>\ng) diritto di non essere sottoposto ad un processo decisionale automatizzato, compresa la profilazione, che produca effetti giuridici che lo riguardano;<br \/>\nh) diritto di ottenere comunicazione nel caso in cui i propri dati subiscano una grave violazione;<br \/>\ni) diritto di revocare il consenso al trattamento in qualsiasi momento;<br \/>\nl) diritto di presentare reclamo davanti ad un\u2019Autorit\u00e0 di controllo. L&#8217;interessato potr\u00e0 esercitare i predetti diritti inviando una comunicazione al Titolare del trattamento all&#8217;indirizzo di cui al precedente art. 1).<\/p>\n<p>9. Natura del conferimento dei dati e conseguenze del rifiuto di rispondere.<\/p>\n<p>La comunicazione dei dati (nome, cognome, indirizzo, codice fiscale, indirizzo mail, telefono e\/o cellulare, dati per il pagamento) per le finalit\u00e0 sopra indicate al punto 3b) \u00e8 necessaria ed obbligatoria. In loro assenza, infatti, il Titolare non potr\u00e0 fornire all&#8217;Interessato i servizi richiesti.<\/p>\n","protected":false},"excerpt":{"rendered":"<p>I dati personali che l&#8217;Utente interessato comunic [&hellip;]<\/p>\n","protected":false},"author":4,"featured_media":0,"parent":0,"menu_order":110,"comment_status":"closed","ping_status":"closed","template":"","meta":{"footnotes":""},"class_list":["post-593","page","type-page","status-publish","hentry"],"yoast_head":"<!-- This site is optimized with the Yoast SEO plugin v26.9 - https:\/\/yoast.com\/product\/yoast-seo-wordpress\/ -->\n<title>Privacy - Residenza Ducato Venezia<\/title>\n<meta name=\"robots\" content=\"index, follow, max-snippet:-1, max-image-preview:large, max-video-preview:-1\" \/>\n<link rel=\"canonical\" href=\"https:\/\/www.residenzaducato.it\/zh-hans\/privacy\/\" \/>\n<meta property=\"og:locale\" content=\"zh_CN\" \/>\n<meta property=\"og:type\" content=\"article\" \/>\n<meta property=\"og:title\" content=\"Privacy - Residenza Ducato Venezia\" \/>\n<meta property=\"og:description\" content=\"I dati personali che l&#8217;Utente interessato comunic [&hellip;]\" \/>\n<meta property=\"og:url\" content=\"https:\/\/www.residenzaducato.it\/zh-hans\/privacy\/\" \/>\n<meta property=\"og:site_name\" content=\"Residenza Ducato Venezia\" \/>\n<meta name=\"twitter:card\" content=\"summary_large_image\" \/>\n<meta name=\"twitter:label1\" content=\"\u9884\u8ba1\u9605\u8bfb\u65f6\u95f4\" \/>\n\t<meta name=\"twitter:data1\" content=\"5\u5206\" \/>\n<script type=\"application\/ld+json\" class=\"yoast-schema-graph\">{\"@context\":\"https:\/\/schema.org\",\"@graph\":[{\"@type\":\"WebPage\",\"@id\":\"https:\/\/www.residenzaducato.it\/zh-hans\/privacy\/\",\"url\":\"https:\/\/www.residenzaducato.it\/zh-hans\/privacy\/\",\"name\":\"Privacy - Residenza Ducato Venezia\",\"isPartOf\":{\"@id\":\"https:\/\/www.residenzaducato.it\/zh-hans\/#website\"},\"datePublished\":\"2019-10-14T15:34:40+00:00\",\"breadcrumb\":{\"@id\":\"https:\/\/www.residenzaducato.it\/zh-hans\/privacy\/#breadcrumb\"},\"inLanguage\":\"zh-CN\",\"potentialAction\":[{\"@type\":\"ReadAction\",\"target\":[\"https:\/\/www.residenzaducato.it\/zh-hans\/privacy\/\"]}]},{\"@type\":\"BreadcrumbList\",\"@id\":\"https:\/\/www.residenzaducato.it\/zh-hans\/privacy\/#breadcrumb\",\"itemListElement\":[{\"@type\":\"ListItem\",\"position\":1,\"name\":\"Home\",\"item\":\"https:\/\/www.residenzaducato.it\/zh-hans\/\"},{\"@type\":\"ListItem\",\"position\":2,\"name\":\"Privacy\"}]},{\"@type\":\"WebSite\",\"@id\":\"https:\/\/www.residenzaducato.it\/zh-hans\/#website\",\"url\":\"https:\/\/www.residenzaducato.it\/zh-hans\/\",\"name\":\"Residenza Ducato Venezia\",\"description\":\"Just another ms.decms.eu site\",\"potentialAction\":[{\"@type\":\"SearchAction\",\"target\":{\"@type\":\"EntryPoint\",\"urlTemplate\":\"https:\/\/www.residenzaducato.it\/zh-hans\/?s={search_term_string}\"},\"query-input\":{\"@type\":\"PropertyValueSpecification\",\"valueRequired\":true,\"valueName\":\"search_term_string\"}}],\"inLanguage\":\"zh-CN\"}]}<\/script>\n<!-- \/ Yoast SEO plugin. -->","yoast_head_json":{"title":"Privacy - Residenza Ducato Venezia","robots":{"index":"index","follow":"follow","max-snippet":"max-snippet:-1","max-image-preview":"max-image-preview:large","max-video-preview":"max-video-preview:-1"},"canonical":"https:\/\/www.residenzaducato.it\/zh-hans\/privacy\/","og_locale":"zh_CN","og_type":"article","og_title":"Privacy - Residenza Ducato Venezia","og_description":"I dati personali che l&#8217;Utente interessato comunic [&hellip;]","og_url":"https:\/\/www.residenzaducato.it\/zh-hans\/privacy\/","og_site_name":"Residenza Ducato Venezia","twitter_card":"summary_large_image","twitter_misc":{"\u9884\u8ba1\u9605\u8bfb\u65f6\u95f4":"5\u5206"},"schema":{"@context":"https:\/\/schema.org","@graph":[{"@type":"WebPage","@id":"https:\/\/www.residenzaducato.it\/zh-hans\/privacy\/","url":"https:\/\/www.residenzaducato.it\/zh-hans\/privacy\/","name":"Privacy - Residenza Ducato Venezia","isPartOf":{"@id":"https:\/\/www.residenzaducato.it\/zh-hans\/#website"},"datePublished":"2019-10-14T15:34:40+00:00","breadcrumb":{"@id":"https:\/\/www.residenzaducato.it\/zh-hans\/privacy\/#breadcrumb"},"inLanguage":"zh-CN","potentialAction":[{"@type":"ReadAction","target":["https:\/\/www.residenzaducato.it\/zh-hans\/privacy\/"]}]},{"@type":"BreadcrumbList","@id":"https:\/\/www.residenzaducato.it\/zh-hans\/privacy\/#breadcrumb","itemListElement":[{"@type":"ListItem","position":1,"name":"Home","item":"https:\/\/www.residenzaducato.it\/zh-hans\/"},{"@type":"ListItem","position":2,"name":"Privacy"}]},{"@type":"WebSite","@id":"https:\/\/www.residenzaducato.it\/zh-hans\/#website","url":"https:\/\/www.residenzaducato.it\/zh-hans\/","name":"Residenza Ducato Venezia","description":"Just another ms.decms.eu site","potentialAction":[{"@type":"SearchAction","target":{"@type":"EntryPoint","urlTemplate":"https:\/\/www.residenzaducato.it\/zh-hans\/?s={search_term_string}"},"query-input":{"@type":"PropertyValueSpecification","valueRequired":true,"valueName":"search_term_string"}}],"inLanguage":"zh-CN"}]}},"acf":[],"_links":{"self":[{"href":"https:\/\/www.residenzaducato.it\/zh-hans\/wp-json\/wp\/v2\/pages\/593","targetHints":{"allow":["GET"]}}],"collection":[{"href":"https:\/\/www.residenzaducato.it\/zh-hans\/wp-json\/wp\/v2\/pages"}],"about":[{"href":"https:\/\/www.residenzaducato.it\/zh-hans\/wp-json\/wp\/v2\/types\/page"}],"author":[{"embeddable":true,"href":"https:\/\/www.residenzaducato.it\/zh-hans\/wp-json\/wp\/v2\/users\/4"}],"replies":[{"embeddable":true,"href":"https:\/\/www.residenzaducato.it\/zh-hans\/wp-json\/wp\/v2\/comments?post=593"}],"version-history":[{"count":0,"href":"https:\/\/www.residenzaducato.it\/zh-hans\/wp-json\/wp\/v2\/pages\/593\/revisions"}],"wp:attachment":[{"href":"https:\/\/www.residenzaducato.it\/zh-hans\/wp-json\/wp\/v2\/media?parent=593"}],"curies":[{"name":"wp","href":"https:\/\/api.w.org\/{rel}","templated":true}]}}